{"id":38133,"date":"2026-01-27T18:00:41","date_gmt":"2026-01-27T18:00:41","guid":{"rendered":"https:\/\/www.deporteseli.com\/?product=falda-club"},"modified":"2026-03-07T05:20:31","modified_gmt":"2026-03-07T05:20:31","slug":"falda-club","status":"publish","type":"product","link":"https:\/\/www.deporteseli.com\/?product=falda-club","title":{"rendered":"FALDA CLUB"},"content":{"rendered":"<p>DOMINA LA PISTA CON CONFIANZA  Estilo deportivo con un toque contempor\u00e1neo. Esta falda adidas para j\u00f3venes promesas presenta un tejido texturizado y una silueta recta que combina con cualquier camiseta de tenis de tu armario. Su tejido transpirable mantiene la piel fresca y seca. Incorpora unas mallas cortas que te ofrecen mayor cobertura.    Este producto se ha fabricado con Primegreen, una combinaci\u00f3n de materiales reciclados de alto rendimiento.  Corte cl\u00e1sico  Cintura el\u00e1stica  Punto doble AEROREADY 100% poli\u00e9ster reciclado  Tejido suave y transpirable  Tejido con estructura de rejilla  Mallas integradas  Primegreen  Color del art\u00edculo: Black \/ White  N\u00famero de art\u00edculo: GK8170                                                                                                                                                                                                                                                                                                                                                                                                                                                                                                                                                                                                                                                                                                                                                                                                                                                                                                                                                                                                                                        <\/p>\n","protected":false},"excerpt":{"rendered":"<p>FALDA CLUB<\/p>\n","protected":false},"featured_media":52477,"template":"","meta":[],"product_brand":[],"product_cat":[366],"product_tag":[18],"class_list":{"0":"post-38133","1":"product","2":"type-product","3":"status-publish","4":"has-post-thumbnail","6":"product_cat-padel_y_tenis_textil_faldas","7":"product_tag-adidas","8":"pa_color-unico","9":"pa_talla-t-10","10":"thunk-woo-product-list","11":"opn-qv-enable","12":"open-woo-hover-","13":"open-single-product-tab-horizontal","14":"open-shadow-","15":"open-shadow-hover-","17":"first","18":"instock","19":"shipping-taxable","20":"purchasable","21":"product-type-variable"},"jetpack_sharing_enabled":true,"_links":{"self":[{"href":"https:\/\/www.deporteseli.com\/index.php?rest_route=\/wp\/v2\/product\/38133","targetHints":{"allow":["GET"]}}],"collection":[{"href":"https:\/\/www.deporteseli.com\/index.php?rest_route=\/wp\/v2\/product"}],"about":[{"href":"https:\/\/www.deporteseli.com\/index.php?rest_route=\/wp\/v2\/types\/product"}],"wp:featuredmedia":[{"embeddable":true,"href":"https:\/\/www.deporteseli.com\/index.php?rest_route=\/wp\/v2\/media\/52477"}],"wp:attachment":[{"href":"https:\/\/www.deporteseli.com\/index.php?rest_route=%2Fwp%2Fv2%2Fmedia&parent=38133"}],"wp:term":[{"taxonomy":"product_brand","embeddable":true,"href":"https:\/\/www.deporteseli.com\/index.php?rest_route=%2Fwp%2Fv2%2Fproduct_brand&post=38133"},{"taxonomy":"product_cat","embeddable":true,"href":"https:\/\/www.deporteseli.com\/index.php?rest_route=%2Fwp%2Fv2%2Fproduct_cat&post=38133"},{"taxonomy":"product_tag","embeddable":true,"href":"https:\/\/www.deporteseli.com\/index.php?rest_route=%2Fwp%2Fv2%2Fproduct_tag&post=38133"}],"curies":[{"name":"wp","href":"https:\/\/api.w.org\/{rel}","templated":true}]}}