{"id":38128,"date":"2026-01-27T18:00:34","date_gmt":"2026-01-27T18:00:34","guid":{"rendered":"https:\/\/www.deporteseli.com\/?product=camiseta-urban-algodon-hombre"},"modified":"2026-01-27T18:00:39","modified_gmt":"2026-01-27T18:00:39","slug":"camiseta-urban-algodon-hombre","status":"publish","type":"product","link":"https:\/\/www.deporteseli.com\/?product=camiseta-urban-algodon-hombre","title":{"rendered":"CAMISETA URBAN ALGOD\u00f3N HOMBRE"},"content":{"rendered":"<p>Descripci\u00f3n: Cuello redondo acanalado, manga larga, corte regular, serigraf\u00eda plana y suave.    Composici\u00f3n: 100% Algod\u00f3n 180grs.    Prestaciones: C\u00f3moda, transpirable.    Combinaciones de Color: Grafito                                                                                                                                                                                                                                                                                                                                                                                                                                                                                                                                                                                                                                                                                                                                                                                                                                                                                                                                                                                                                                        <\/p>\n","protected":false},"excerpt":{"rendered":"<p>CAMISETA URBAN ALGOD\u00f3N HOMBRE<\/p>\n","protected":false},"featured_media":52476,"template":"","meta":[],"product_brand":[],"product_cat":[245],"product_tag":[70],"class_list":{"0":"post-38128","1":"product","2":"type-product","3":"status-publish","4":"has-post-thumbnail","6":"product_cat-hombre_textil_camisetas","7":"product_tag-bcn","8":"pa_color-unico","9":"pa_talla-l","10":"pa_talla-m","11":"pa_talla-xl","12":"pa_talla-xxl","13":"thunk-woo-product-list","14":"opn-qv-enable","15":"open-woo-hover-","16":"open-single-product-tab-horizontal","17":"open-shadow-","18":"open-shadow-hover-","20":"first","21":"instock","22":"shipping-taxable","23":"purchasable","24":"product-type-variable"},"jetpack_sharing_enabled":true,"_links":{"self":[{"href":"https:\/\/www.deporteseli.com\/index.php?rest_route=\/wp\/v2\/product\/38128","targetHints":{"allow":["GET"]}}],"collection":[{"href":"https:\/\/www.deporteseli.com\/index.php?rest_route=\/wp\/v2\/product"}],"about":[{"href":"https:\/\/www.deporteseli.com\/index.php?rest_route=\/wp\/v2\/types\/product"}],"wp:featuredmedia":[{"embeddable":true,"href":"https:\/\/www.deporteseli.com\/index.php?rest_route=\/wp\/v2\/media\/52476"}],"wp:attachment":[{"href":"https:\/\/www.deporteseli.com\/index.php?rest_route=%2Fwp%2Fv2%2Fmedia&parent=38128"}],"wp:term":[{"taxonomy":"product_brand","embeddable":true,"href":"https:\/\/www.deporteseli.com\/index.php?rest_route=%2Fwp%2Fv2%2Fproduct_brand&post=38128"},{"taxonomy":"product_cat","embeddable":true,"href":"https:\/\/www.deporteseli.com\/index.php?rest_route=%2Fwp%2Fv2%2Fproduct_cat&post=38128"},{"taxonomy":"product_tag","embeddable":true,"href":"https:\/\/www.deporteseli.com\/index.php?rest_route=%2Fwp%2Fv2%2Fproduct_tag&post=38128"}],"curies":[{"name":"wp","href":"https:\/\/api.w.org\/{rel}","templated":true}]}}