{"id":38126,"date":"2026-01-27T18:00:30","date_gmt":"2026-01-27T18:00:30","guid":{"rendered":"https:\/\/www.deporteseli.com\/?product=reebok-nano-x2"},"modified":"2026-01-27T18:00:33","modified_gmt":"2026-01-27T18:00:33","slug":"reebok-nano-x2","status":"publish","type":"product","link":"https:\/\/www.deporteseli.com\/?product=reebok-nano-x2","title":{"rendered":"REEBOK NANO X2"},"content":{"rendered":"<p>UNA ZAPATILLA DE ENTRENAMIENTO IC\u00d3NICA CON AMORTIGUACI\u00d3N LIGERA.  Tu rutina de fitness cambia constantemente. Un d\u00eda entrenas en el gimnasio y al siguiente sales a correr unos esprints. Esta zapatilla Reebok para hombre se adapta a tu estilo de vida activo. La parte superior de tejido Flexweave\u00ae es suave y transpirable y te proporciona sujeci\u00f3n en zonas clave. La tecnolog\u00eda Floatride Energy te ofrece una amortiguaci\u00f3n ligera y un impulso extra en el antepi\u00e9. El clip del tal\u00f3n con un dise\u00f1o m\u00e1s estilizado aporta estabilidad. Los bordes de la suela con tecnolog\u00eda ROPEPRO  te garantizan un excelente agarre para subir por la cuerda.  Ajuste normal.  Parte superior de tejido Flexweave\u00ae.  Cierre de cordones.  Tecnolog\u00eda Floatride Energy Foam.  Forro textil.  Suela completa de caucho ROPEPRO  para todo tipo de superficies.  Color del art\u00edculo: Core Black \/ Semi Classic Teal \/ Acid Yellow  N\u00famero de art\u00edculo: GX9912                                                                                                                                                                                                                                                                                                                                                                                                                                                                                                                                                                                                                                                                                                                                                                                                                                                                                                                                                                                                                                        <\/p>\n","protected":false},"excerpt":{"rendered":"<p>REEBOK NANO X2<\/p>\n","protected":false},"featured_media":52471,"template":"","meta":[],"product_brand":[],"product_cat":[259],"product_tag":[41],"class_list":{"0":"post-38126","1":"product","2":"type-product","3":"status-publish","4":"has-post-thumbnail","6":"product_cat-hombre_calzado_running","7":"product_tag-reebok","8":"pa_color-unico","9":"pa_talla-42-5","10":"thunk-woo-product-list","11":"opn-qv-enable","12":"open-woo-hover-","13":"open-single-product-tab-horizontal","14":"open-shadow-","15":"open-shadow-hover-","17":"first","18":"instock","19":"sale","20":"shipping-taxable","21":"purchasable","22":"product-type-variable"},"jetpack_sharing_enabled":true,"_links":{"self":[{"href":"https:\/\/www.deporteseli.com\/index.php?rest_route=\/wp\/v2\/product\/38126","targetHints":{"allow":["GET"]}}],"collection":[{"href":"https:\/\/www.deporteseli.com\/index.php?rest_route=\/wp\/v2\/product"}],"about":[{"href":"https:\/\/www.deporteseli.com\/index.php?rest_route=\/wp\/v2\/types\/product"}],"wp:featuredmedia":[{"embeddable":true,"href":"https:\/\/www.deporteseli.com\/index.php?rest_route=\/wp\/v2\/media\/52471"}],"wp:attachment":[{"href":"https:\/\/www.deporteseli.com\/index.php?rest_route=%2Fwp%2Fv2%2Fmedia&parent=38126"}],"wp:term":[{"taxonomy":"product_brand","embeddable":true,"href":"https:\/\/www.deporteseli.com\/index.php?rest_route=%2Fwp%2Fv2%2Fproduct_brand&post=38126"},{"taxonomy":"product_cat","embeddable":true,"href":"https:\/\/www.deporteseli.com\/index.php?rest_route=%2Fwp%2Fv2%2Fproduct_cat&post=38126"},{"taxonomy":"product_tag","embeddable":true,"href":"https:\/\/www.deporteseli.com\/index.php?rest_route=%2Fwp%2Fv2%2Fproduct_tag&post=38126"}],"curies":[{"name":"wp","href":"https:\/\/api.w.org\/{rel}","templated":true}]}}