{"id":38122,"date":"2026-01-27T18:00:24","date_gmt":"2026-01-27T18:00:24","guid":{"rendered":"https:\/\/www.deporteseli.com\/?product=zapatilla-grand-court-lifestyle-tennis-lace-u"},"modified":"2026-03-06T05:18:06","modified_gmt":"2026-03-06T05:18:06","slug":"zapatilla-grand-court-lifestyle-tennis-lace-u","status":"publish","type":"product","link":"https:\/\/www.deporteseli.com\/?product=zapatilla-grand-court-lifestyle-tennis-lace-u","title":{"rendered":"ZAPATILLA GRAND COURT LIFESTYLE TENNIS LACE-U"},"content":{"rendered":"<p>Prep\u00e1rale para seguir los pasos de los mejores jugadores de tenis. Esta zapatilla adidas para peque\u00f1os deportistas se inspira en los dise\u00f1os que triunfaron en las pistas en los a\u00f1os 70. La suela de goma flexible ofrece una gran agarre y una pisada c\u00f3moda.    La parte superior contiene al menos un 50% de materiales reciclados. Su objetivo es plantear otra soluci\u00f3n m\u00e1s que ayude a eliminar los residuos pl\u00e1sticos.  Horma cl\u00e1sica  Cierre de cordones  Parte superior de piel sint\u00e9tica  Forro sint\u00e9tico  Suela de goma  La parte superior contiene al menos un 50% de material reciclado  Color del art\u00edculo: Cloud White \/ Core Black \/ Core Black  N\u00famero de art\u00edculo: GW6511                                                                                                                                                                                                                                                                                                                                                                                                                                                                                                                                                                                                                                                                                                                                                                                                                                                                                                                                                                                                                                        <\/p>\n","protected":false},"excerpt":{"rendered":"<p>ZAPATILLA GRAND COURT LIFESTYLE TENNIS LACE-U<\/p>\n","protected":false},"featured_media":52466,"template":"","meta":[],"product_brand":[],"product_cat":[310],"product_tag":[18],"class_list":{"0":"post-38122","1":"product","2":"type-product","3":"status-publish","4":"has-post-thumbnail","6":"product_cat-nino_calzado_casual","7":"product_tag-adidas","8":"pa_color-unico","9":"pa_talla-36-5","10":"pa_talla-145","11":"pa_talla-149","12":"thunk-woo-product-list","13":"opn-qv-enable","14":"open-woo-hover-","15":"open-single-product-tab-horizontal","16":"open-shadow-","17":"open-shadow-hover-","19":"first","20":"instock","21":"sale","22":"shipping-taxable","23":"purchasable","24":"product-type-variable"},"jetpack_sharing_enabled":true,"_links":{"self":[{"href":"https:\/\/www.deporteseli.com\/index.php?rest_route=\/wp\/v2\/product\/38122","targetHints":{"allow":["GET"]}}],"collection":[{"href":"https:\/\/www.deporteseli.com\/index.php?rest_route=\/wp\/v2\/product"}],"about":[{"href":"https:\/\/www.deporteseli.com\/index.php?rest_route=\/wp\/v2\/types\/product"}],"wp:featuredmedia":[{"embeddable":true,"href":"https:\/\/www.deporteseli.com\/index.php?rest_route=\/wp\/v2\/media\/52466"}],"wp:attachment":[{"href":"https:\/\/www.deporteseli.com\/index.php?rest_route=%2Fwp%2Fv2%2Fmedia&parent=38122"}],"wp:term":[{"taxonomy":"product_brand","embeddable":true,"href":"https:\/\/www.deporteseli.com\/index.php?rest_route=%2Fwp%2Fv2%2Fproduct_brand&post=38122"},{"taxonomy":"product_cat","embeddable":true,"href":"https:\/\/www.deporteseli.com\/index.php?rest_route=%2Fwp%2Fv2%2Fproduct_cat&post=38122"},{"taxonomy":"product_tag","embeddable":true,"href":"https:\/\/www.deporteseli.com\/index.php?rest_route=%2Fwp%2Fv2%2Fproduct_tag&post=38122"}],"curies":[{"name":"wp","href":"https:\/\/api.w.org\/{rel}","templated":true}]}}