{"id":38075,"date":"2026-01-27T17:59:24","date_gmt":"2026-01-27T17:59:24","guid":{"rendered":"https:\/\/www.deporteseli.com\/?product=zapatilla-tensaur-sport-training-hook"},"modified":"2026-04-09T04:17:22","modified_gmt":"2026-04-09T04:17:22","slug":"zapatilla-tensaur-sport-training-hook","status":"publish","type":"product","link":"https:\/\/www.deporteseli.com\/?product=zapatilla-tensaur-sport-training-hook","title":{"rendered":"ZAPATILLA TENSAUR SPORT TRAINING HOOK"},"content":{"rendered":"<p>A PRUEBA DE PIES ACTIVOS  Con sus carreras, saltos y juegos, las zapatillas de los m\u00e1s peques tienen que estar preparadas para superar un mont\u00f3n de pruebas. Esta zapatilla adidas presenta una resistente suela de goma que ofrece un excelente agarre y no deja huellas por mucho que gatee y se mueva con ella. Cuenta con dos correas de velcro para poner y quitar con facilidad.    La parte superior contiene al menos un 50% de materiales reciclados. Su objetivo es plantear otra soluci\u00f3n m\u00e1s que ayude a eliminar los residuos pl\u00e1sticos.  Horma cl\u00e1sica  Cierre de velcro  Parte superior de piel sint\u00e9tica  Forro textil  Suela de goma que no deja marcas  La parte superior contiene al menos un 50% de material reciclado  Color del art\u00edculo: Cloud White \/ Cloud White \/ Grey One  N\u00famero de art\u00edculo: GW1987                                                                                                                                                                                                                                                                                                                                                                                                                                                                                                                                                                                                                                                                                                                                                                                                                                                                                                                                                                                                                                        <\/p>\n","protected":false},"excerpt":{"rendered":"<p>ZAPATILLA TENSAUR SPORT TRAINING HOOK<\/p>\n","protected":false},"featured_media":52441,"template":"","meta":[],"product_brand":[],"product_cat":[310],"product_tag":[18],"class_list":{"0":"post-38075","1":"product","2":"type-product","3":"status-publish","4":"has-post-thumbnail","6":"product_cat-nino_calzado_casual","7":"product_tag-adidas","8":"pa_color-unico","9":"pa_talla-125","10":"pa_talla-127","11":"pa_talla-129","12":"pa_talla-131","13":"pa_talla-133","14":"pa_talla-135","15":"pa_talla-137","16":"pa_talla-139","17":"pa_talla-145","18":"pa_talla-38-5","19":"pa_talla-149","20":"thunk-woo-product-list","21":"opn-qv-enable","22":"open-woo-hover-","23":"open-single-product-tab-horizontal","24":"open-shadow-","25":"open-shadow-hover-","27":"first","28":"instock","29":"sale","30":"shipping-taxable","31":"purchasable","32":"product-type-variable"},"jetpack_sharing_enabled":true,"_links":{"self":[{"href":"https:\/\/www.deporteseli.com\/index.php?rest_route=\/wp\/v2\/product\/38075","targetHints":{"allow":["GET"]}}],"collection":[{"href":"https:\/\/www.deporteseli.com\/index.php?rest_route=\/wp\/v2\/product"}],"about":[{"href":"https:\/\/www.deporteseli.com\/index.php?rest_route=\/wp\/v2\/types\/product"}],"wp:featuredmedia":[{"embeddable":true,"href":"https:\/\/www.deporteseli.com\/index.php?rest_route=\/wp\/v2\/media\/52441"}],"wp:attachment":[{"href":"https:\/\/www.deporteseli.com\/index.php?rest_route=%2Fwp%2Fv2%2Fmedia&parent=38075"}],"wp:term":[{"taxonomy":"product_brand","embeddable":true,"href":"https:\/\/www.deporteseli.com\/index.php?rest_route=%2Fwp%2Fv2%2Fproduct_brand&post=38075"},{"taxonomy":"product_cat","embeddable":true,"href":"https:\/\/www.deporteseli.com\/index.php?rest_route=%2Fwp%2Fv2%2Fproduct_cat&post=38075"},{"taxonomy":"product_tag","embeddable":true,"href":"https:\/\/www.deporteseli.com\/index.php?rest_route=%2Fwp%2Fv2%2Fproduct_tag&post=38075"}],"curies":[{"name":"wp","href":"https:\/\/api.w.org\/{rel}","templated":true}]}}