{"id":38054,"date":"2026-01-27T17:58:59","date_gmt":"2026-01-27T17:58:59","guid":{"rendered":"https:\/\/www.deporteseli.com\/?product=chandal-nino-a-champion"},"modified":"2026-01-27T17:59:00","modified_gmt":"2026-01-27T17:59:00","slug":"chandal-nino-a-champion","status":"publish","type":"product","link":"https:\/\/www.deporteseli.com\/?product=chandal-nino-a-champion","title":{"rendered":"CH\u00e1NDAL NI\u00f1O\/A CHAMPION"},"content":{"rendered":"<p>El ch\u00e1ndal Champion Legacy Special infantil ofrece un estilo atemporal que le proporcionar\u00e1 una gran comodidad y durabilidad para que pueda desarrollar sus actividades diarias con total normalidad.    Caracter\u00edsticas:  &#8211; Cremallera completa  &#8211; Bolsillos laterales en la sudadera  &#8211; Logotipo estampado en el pecho  &#8211; C logo estampado en la manga y la cadera  &#8211; Cintura y pu\u00f1os el\u00e1sticos de canal\u00e9  &#8211; Ajuste c\u00f3modo                                                                                                                                                                                                                                                                                                                                                                                                                                                                                                                                                                                                                                                                                                                                                                                                                                                                                                                                                                                                                                        <\/p>\n","protected":false},"excerpt":{"rendered":"<p>CH\u00e1NDAL NI\u00f1O\/A CHAMPION<\/p>\n","protected":false},"featured_media":52426,"template":"","meta":[],"product_brand":[],"product_cat":[298],"product_tag":[51],"class_list":{"0":"post-38054","1":"product","2":"type-product","3":"status-publish","4":"has-post-thumbnail","6":"product_cat-nino_textil_chandals","7":"product_tag-champion","8":"pa_color-unico","9":"pa_talla-unica","10":"thunk-woo-product-list","11":"opn-qv-enable","12":"open-woo-hover-","13":"open-single-product-tab-horizontal","14":"open-shadow-","15":"open-shadow-hover-","17":"first","18":"instock","19":"shipping-taxable","20":"purchasable","21":"product-type-variable"},"jetpack_sharing_enabled":true,"_links":{"self":[{"href":"https:\/\/www.deporteseli.com\/index.php?rest_route=\/wp\/v2\/product\/38054","targetHints":{"allow":["GET"]}}],"collection":[{"href":"https:\/\/www.deporteseli.com\/index.php?rest_route=\/wp\/v2\/product"}],"about":[{"href":"https:\/\/www.deporteseli.com\/index.php?rest_route=\/wp\/v2\/types\/product"}],"wp:featuredmedia":[{"embeddable":true,"href":"https:\/\/www.deporteseli.com\/index.php?rest_route=\/wp\/v2\/media\/52426"}],"wp:attachment":[{"href":"https:\/\/www.deporteseli.com\/index.php?rest_route=%2Fwp%2Fv2%2Fmedia&parent=38054"}],"wp:term":[{"taxonomy":"product_brand","embeddable":true,"href":"https:\/\/www.deporteseli.com\/index.php?rest_route=%2Fwp%2Fv2%2Fproduct_brand&post=38054"},{"taxonomy":"product_cat","embeddable":true,"href":"https:\/\/www.deporteseli.com\/index.php?rest_route=%2Fwp%2Fv2%2Fproduct_cat&post=38054"},{"taxonomy":"product_tag","embeddable":true,"href":"https:\/\/www.deporteseli.com\/index.php?rest_route=%2Fwp%2Fv2%2Fproduct_tag&post=38054"}],"curies":[{"name":"wp","href":"https:\/\/api.w.org\/{rel}","templated":true}]}}