{"id":38050,"date":"2026-01-27T17:58:55","date_gmt":"2026-01-27T17:58:55","guid":{"rendered":"https:\/\/www.deporteseli.com\/?product=chandal-de-felpa-ultraligera-con-cremallera"},"modified":"2026-01-27T17:58:56","modified_gmt":"2026-01-27T17:58:56","slug":"chandal-de-felpa-ultraligera-con-cremallera","status":"publish","type":"product","link":"https:\/\/www.deporteseli.com\/?product=chandal-de-felpa-ultraligera-con-cremallera","title":{"rendered":"CH\u00e1NDAL DE FELPA ULTRALIGERA CON CREMALLERA"},"content":{"rendered":"<p>Aporta un novedoso toque de color a tu vestuario de diario con este ch\u00e1ndal de mujer. Confeccionado en felpa perchada ultraligera, se completa con cordones de ajuste tie-dye y peque\u00f1os detalles de logotipo.  DETALLES DEL PRODUCTO  Cordones de ajuste tie-dye  Cierre de cremallera entera  Cintura el\u00e1stica con cord\u00f3n de ajuste y pu\u00f1os acanalados  2 bolsillos en la prenda superior y en el pantal\u00f3n  Felpa perchada mixta Power ultraligera de 240 g\/m\u00b2  52 % algod\u00f3n, 48 % poli\u00e9ster                                                                                                                                                                                                                                                                                                                                                                                                                                                                                                                                                                                                                                                                                                                                                                                                                                                                                                                                                                                                                                        <\/p>\n","protected":false},"excerpt":{"rendered":"<p>CH\u00e1NDAL DE FELPA ULTRALIGERA CON CREMALLERA<\/p>\n","protected":false},"featured_media":52422,"template":"","meta":[],"product_brand":[],"product_cat":[273],"product_tag":[51],"class_list":{"0":"post-38050","1":"product","2":"type-product","3":"status-publish","4":"has-post-thumbnail","6":"product_cat-mujer_textil_chandals","7":"product_tag-champion","8":"pa_color-unico","9":"pa_talla-m","10":"thunk-woo-product-list","11":"opn-qv-enable","12":"open-woo-hover-","13":"open-single-product-tab-horizontal","14":"open-shadow-","15":"open-shadow-hover-","17":"first","18":"instock","19":"shipping-taxable","20":"purchasable","21":"product-type-variable"},"jetpack_sharing_enabled":true,"_links":{"self":[{"href":"https:\/\/www.deporteseli.com\/index.php?rest_route=\/wp\/v2\/product\/38050","targetHints":{"allow":["GET"]}}],"collection":[{"href":"https:\/\/www.deporteseli.com\/index.php?rest_route=\/wp\/v2\/product"}],"about":[{"href":"https:\/\/www.deporteseli.com\/index.php?rest_route=\/wp\/v2\/types\/product"}],"wp:featuredmedia":[{"embeddable":true,"href":"https:\/\/www.deporteseli.com\/index.php?rest_route=\/wp\/v2\/media\/52422"}],"wp:attachment":[{"href":"https:\/\/www.deporteseli.com\/index.php?rest_route=%2Fwp%2Fv2%2Fmedia&parent=38050"}],"wp:term":[{"taxonomy":"product_brand","embeddable":true,"href":"https:\/\/www.deporteseli.com\/index.php?rest_route=%2Fwp%2Fv2%2Fproduct_brand&post=38050"},{"taxonomy":"product_cat","embeddable":true,"href":"https:\/\/www.deporteseli.com\/index.php?rest_route=%2Fwp%2Fv2%2Fproduct_cat&post=38050"},{"taxonomy":"product_tag","embeddable":true,"href":"https:\/\/www.deporteseli.com\/index.php?rest_route=%2Fwp%2Fv2%2Fproduct_tag&post=38050"}],"curies":[{"name":"wp","href":"https:\/\/api.w.org\/{rel}","templated":true}]}}