{"id":38048,"date":"2026-01-27T17:58:52","date_gmt":"2026-01-27T17:58:52","guid":{"rendered":"https:\/\/www.deporteseli.com\/?product=sudadera-con-capucha-en-felpa-perchada"},"modified":"2026-01-27T17:58:54","modified_gmt":"2026-01-27T17:58:54","slug":"sudadera-con-capucha-en-felpa-perchada","status":"publish","type":"product","link":"https:\/\/www.deporteseli.com\/?product=sudadera-con-capucha-en-felpa-perchada","title":{"rendered":"SUDADERA CON CAPUCHA EN FELPA PERCHADA"},"content":{"rendered":"<p>Rel\u00e1jate con este modelo imprescindible para tu colecci\u00f3n de ropa informal. Nuestra sudadera con capucha para mujer, hecha de una suave felpa perchada, viene con un bolsillo de tipo canguro para una comodidad total.  DETALLES DEL PRODUCTO  Logotipo con nombre completo en grande en el pecho  Pu\u00f1os y cintura el\u00e1sticos de canal\u00e9  Felpa perchada en mezcla de algod\u00f3n de 260 g\/m\u00b2, suave y acogedora  68 % algod\u00f3n, 32 % poli\u00e9ster                                                                                                                                                                                                                                                                                                                                                                                                                                                                                                                                                                                                                                                                                                                                                                                                                                                                                                                                                                                                                                        <\/p>\n","protected":false},"excerpt":{"rendered":"<p>SUDADERA CON CAPUCHA EN FELPA PERCHADA<\/p>\n","protected":false},"featured_media":52420,"template":"","meta":[],"product_brand":[],"product_cat":[279],"product_tag":[51],"class_list":{"0":"post-38048","1":"product","2":"type-product","3":"status-publish","4":"has-post-thumbnail","6":"product_cat-mujer_textil_sudaderas","7":"product_tag-champion","8":"pa_color-unico","9":"pa_talla-s","10":"thunk-woo-product-list","11":"opn-qv-enable","12":"open-woo-hover-","13":"open-single-product-tab-horizontal","14":"open-shadow-","15":"open-shadow-hover-","17":"first","18":"instock","19":"shipping-taxable","20":"purchasable","21":"product-type-variable"},"jetpack_sharing_enabled":true,"_links":{"self":[{"href":"https:\/\/www.deporteseli.com\/index.php?rest_route=\/wp\/v2\/product\/38048","targetHints":{"allow":["GET"]}}],"collection":[{"href":"https:\/\/www.deporteseli.com\/index.php?rest_route=\/wp\/v2\/product"}],"about":[{"href":"https:\/\/www.deporteseli.com\/index.php?rest_route=\/wp\/v2\/types\/product"}],"wp:featuredmedia":[{"embeddable":true,"href":"https:\/\/www.deporteseli.com\/index.php?rest_route=\/wp\/v2\/media\/52420"}],"wp:attachment":[{"href":"https:\/\/www.deporteseli.com\/index.php?rest_route=%2Fwp%2Fv2%2Fmedia&parent=38048"}],"wp:term":[{"taxonomy":"product_brand","embeddable":true,"href":"https:\/\/www.deporteseli.com\/index.php?rest_route=%2Fwp%2Fv2%2Fproduct_brand&post=38048"},{"taxonomy":"product_cat","embeddable":true,"href":"https:\/\/www.deporteseli.com\/index.php?rest_route=%2Fwp%2Fv2%2Fproduct_cat&post=38048"},{"taxonomy":"product_tag","embeddable":true,"href":"https:\/\/www.deporteseli.com\/index.php?rest_route=%2Fwp%2Fv2%2Fproduct_tag&post=38048"}],"curies":[{"name":"wp","href":"https:\/\/api.w.org\/{rel}","templated":true}]}}