{"id":38041,"date":"2026-01-27T17:58:43","date_gmt":"2026-01-27T17:58:43","guid":{"rendered":"https:\/\/www.deporteseli.com\/?product=fijaciones-para-medias-de-futbol"},"modified":"2026-04-23T04:17:32","modified_gmt":"2026-04-23T04:17:32","slug":"fijaciones-para-medias-de-futbol","status":"publish","type":"product","link":"https:\/\/www.deporteseli.com\/?product=fijaciones-para-medias-de-futbol","title":{"rendered":"FIJACIONES PARA MEDIAS DE F\u00faTBOL"},"content":{"rendered":"<p>TUS ALIADAS EN EL TERRENO DE JUEGO  Estas fijaciones mantienen tus medias de f\u00fatbol y espinilleras bien colocadas cuando la intensidad del partido aumenta. Los cierres de velcro te permiten ajustarlas f\u00e1cilmente sin necesidad de usar cinta adhesiva. Su dise\u00f1o estrecho y ligero evita las rozaduras para que puedas concentrarte \u00fanicamente en ganar.  La fijaci\u00f3n mantiene la protecci\u00f3n en su lugar  100% nailon  Cierre de velcro ajustable  100% nylon  Color del art\u00edculo: Black \/ White  N\u00famero de art\u00edculo: 620656                                                                                                                                                                                                                                                                                                                                                                                                                                                                                                                                                                                                                                                                                                                                                                                                                                                                                                                                                                                                                                        <\/p>\n","protected":false},"excerpt":{"rendered":"<p>FIJACIONES PARA MEDIAS DE F\u00faTBOL<\/p>\n","protected":false},"featured_media":52405,"template":"","meta":[],"product_brand":[],"product_cat":[319],"product_tag":[18],"class_list":{"0":"post-38041","1":"product","2":"type-product","3":"status-publish","4":"has-post-thumbnail","6":"product_cat-deportes_futbol_tobilleras","7":"product_tag-adidas","8":"pa_color-unico","9":"pa_talla-unica","10":"thunk-woo-product-list","11":"opn-qv-enable","12":"open-woo-hover-","13":"open-single-product-tab-horizontal","14":"open-shadow-","15":"open-shadow-hover-","17":"first","18":"instock","19":"shipping-taxable","20":"purchasable","21":"product-type-variable"},"jetpack_sharing_enabled":true,"_links":{"self":[{"href":"https:\/\/www.deporteseli.com\/index.php?rest_route=\/wp\/v2\/product\/38041","targetHints":{"allow":["GET"]}}],"collection":[{"href":"https:\/\/www.deporteseli.com\/index.php?rest_route=\/wp\/v2\/product"}],"about":[{"href":"https:\/\/www.deporteseli.com\/index.php?rest_route=\/wp\/v2\/types\/product"}],"wp:featuredmedia":[{"embeddable":true,"href":"https:\/\/www.deporteseli.com\/index.php?rest_route=\/wp\/v2\/media\/52405"}],"wp:attachment":[{"href":"https:\/\/www.deporteseli.com\/index.php?rest_route=%2Fwp%2Fv2%2Fmedia&parent=38041"}],"wp:term":[{"taxonomy":"product_brand","embeddable":true,"href":"https:\/\/www.deporteseli.com\/index.php?rest_route=%2Fwp%2Fv2%2Fproduct_brand&post=38041"},{"taxonomy":"product_cat","embeddable":true,"href":"https:\/\/www.deporteseli.com\/index.php?rest_route=%2Fwp%2Fv2%2Fproduct_cat&post=38041"},{"taxonomy":"product_tag","embeddable":true,"href":"https:\/\/www.deporteseli.com\/index.php?rest_route=%2Fwp%2Fv2%2Fproduct_tag&post=38041"}],"curies":[{"name":"wp","href":"https:\/\/api.w.org\/{rel}","templated":true}]}}