{"id":38031,"date":"2026-01-27T17:58:29","date_gmt":"2026-01-27T17:58:29","guid":{"rendered":"https:\/\/www.deporteseli.com\/?product=champion-legacy-poly-fleece-hombre"},"modified":"2026-01-27T17:58:32","modified_gmt":"2026-01-27T17:58:32","slug":"champion-legacy-poly-fleece-hombre","status":"publish","type":"product","link":"https:\/\/www.deporteseli.com\/?product=champion-legacy-poly-fleece-hombre","title":{"rendered":"CHAMPION LEGACY POLY FLEECE HOMBRE"},"content":{"rendered":"<p>La sudadera masculina Legacy Fall Poly Fleece Champion ofrece una buena cobertura y una sensaci\u00f3n de calor en las noches m\u00e1s fr\u00edas.    La sudadera tiene una capucha ajustable y un bolsillo canguro que a\u00f1ade un car\u00e1cter deportivo al conjunto. La sudadera ha adquirido un car\u00e1cter deportivo, que ha sido enfatizado por el logotipo de la marca. Los pu\u00f1os el\u00e1sticos aseguran un buen ajuste y evitan que la tela se mueva.    Material: Fall Poly Fleece  peso: 280 gr  capucha ajustable  Composici\u00f3n: 74% algod\u00f3n, 26% poli\u00e9ster.  pu\u00f1os el\u00e1sticos  parte inferior el\u00e1stica de la sudadera  bolsillo canguro                                                                                                                                                                                                                                                                                                                                                                                                                                                                                                                                                                                                                                                                                                                                                                                                                                                                                                                                                                                                                                        <\/p>\n","protected":false},"excerpt":{"rendered":"<p>CHAMPION LEGACY POLY FLEECE HOMBRE<\/p>\n","protected":false},"featured_media":52400,"template":"","meta":[],"product_brand":[],"product_cat":[253],"product_tag":[51],"class_list":{"0":"post-38031","1":"product","2":"type-product","3":"status-publish","4":"has-post-thumbnail","6":"product_cat-hombre_textil_sudaderas","7":"product_tag-champion","8":"pa_color-unico","9":"pa_talla-m","10":"thunk-woo-product-list","11":"opn-qv-enable","12":"open-woo-hover-","13":"open-single-product-tab-horizontal","14":"open-shadow-","15":"open-shadow-hover-","17":"first","18":"instock","19":"shipping-taxable","20":"purchasable","21":"product-type-variable"},"jetpack_sharing_enabled":true,"_links":{"self":[{"href":"https:\/\/www.deporteseli.com\/index.php?rest_route=\/wp\/v2\/product\/38031","targetHints":{"allow":["GET"]}}],"collection":[{"href":"https:\/\/www.deporteseli.com\/index.php?rest_route=\/wp\/v2\/product"}],"about":[{"href":"https:\/\/www.deporteseli.com\/index.php?rest_route=\/wp\/v2\/types\/product"}],"wp:featuredmedia":[{"embeddable":true,"href":"https:\/\/www.deporteseli.com\/index.php?rest_route=\/wp\/v2\/media\/52400"}],"wp:attachment":[{"href":"https:\/\/www.deporteseli.com\/index.php?rest_route=%2Fwp%2Fv2%2Fmedia&parent=38031"}],"wp:term":[{"taxonomy":"product_brand","embeddable":true,"href":"https:\/\/www.deporteseli.com\/index.php?rest_route=%2Fwp%2Fv2%2Fproduct_brand&post=38031"},{"taxonomy":"product_cat","embeddable":true,"href":"https:\/\/www.deporteseli.com\/index.php?rest_route=%2Fwp%2Fv2%2Fproduct_cat&post=38031"},{"taxonomy":"product_tag","embeddable":true,"href":"https:\/\/www.deporteseli.com\/index.php?rest_route=%2Fwp%2Fv2%2Fproduct_tag&post=38031"}],"curies":[{"name":"wp","href":"https:\/\/api.w.org\/{rel}","templated":true}]}}