{"id":38029,"date":"2026-01-27T17:58:27","date_gmt":"2026-01-27T17:58:27","guid":{"rendered":"https:\/\/www.deporteseli.com\/?product=pantalon-champion-smu-elastic"},"modified":"2026-01-27T17:58:28","modified_gmt":"2026-01-27T17:58:28","slug":"pantalon-champion-smu-elastic","status":"publish","type":"product","link":"https:\/\/www.deporteseli.com\/?product=pantalon-champion-smu-elastic","title":{"rendered":"PANTAL\u00f3N CHAMPION SMU ELASTIC"},"content":{"rendered":"<p>DETALLES DEL PRODUCTO    Elastic Cuff Pants    Pantalones con pu\u00f1os el\u00e1sticos  BGD Polar Ultra Ligero Oto\u00f1o gr.235  77%Algod\u00f3n 23%Poli\u00e9ster                                                                                                                                                                                                                                                                                                                                                                                                                                                                                                                                                                                                                                                                                                                                                                                                                                                                                                                                                                                                                                        <\/p>\n","protected":false},"excerpt":{"rendered":"<p>PANTAL\u00f3N CHAMPION SMU ELASTIC<\/p>\n","protected":false},"featured_media":52399,"template":"","meta":[],"product_brand":[],"product_cat":[301],"product_tag":[51],"class_list":{"0":"post-38029","1":"product","2":"type-product","3":"status-publish","4":"has-post-thumbnail","6":"product_cat-nino_textil_pantalones","7":"product_tag-champion","8":"pa_color-unico","9":"pa_talla-s","10":"thunk-woo-product-list","11":"opn-qv-enable","12":"open-woo-hover-","13":"open-single-product-tab-horizontal","14":"open-shadow-","15":"open-shadow-hover-","17":"first","18":"instock","19":"shipping-taxable","20":"purchasable","21":"product-type-variable"},"jetpack_sharing_enabled":true,"_links":{"self":[{"href":"https:\/\/www.deporteseli.com\/index.php?rest_route=\/wp\/v2\/product\/38029","targetHints":{"allow":["GET"]}}],"collection":[{"href":"https:\/\/www.deporteseli.com\/index.php?rest_route=\/wp\/v2\/product"}],"about":[{"href":"https:\/\/www.deporteseli.com\/index.php?rest_route=\/wp\/v2\/types\/product"}],"wp:featuredmedia":[{"embeddable":true,"href":"https:\/\/www.deporteseli.com\/index.php?rest_route=\/wp\/v2\/media\/52399"}],"wp:attachment":[{"href":"https:\/\/www.deporteseli.com\/index.php?rest_route=%2Fwp%2Fv2%2Fmedia&parent=38029"}],"wp:term":[{"taxonomy":"product_brand","embeddable":true,"href":"https:\/\/www.deporteseli.com\/index.php?rest_route=%2Fwp%2Fv2%2Fproduct_brand&post=38029"},{"taxonomy":"product_cat","embeddable":true,"href":"https:\/\/www.deporteseli.com\/index.php?rest_route=%2Fwp%2Fv2%2Fproduct_cat&post=38029"},{"taxonomy":"product_tag","embeddable":true,"href":"https:\/\/www.deporteseli.com\/index.php?rest_route=%2Fwp%2Fv2%2Fproduct_tag&post=38029"}],"curies":[{"name":"wp","href":"https:\/\/api.w.org\/{rel}","templated":true}]}}