{"id":38021,"date":"2026-01-27T17:58:15","date_gmt":"2026-01-27T17:58:15","guid":{"rendered":"https:\/\/www.deporteseli.com\/?product=sudadera-hombre-champion-con-capucha-217994"},"modified":"2026-01-27T17:58:18","modified_gmt":"2026-01-27T17:58:18","slug":"sudadera-hombre-champion-con-capucha-217994","status":"publish","type":"product","link":"https:\/\/www.deporteseli.com\/?product=sudadera-hombre-champion-con-capucha-217994","title":{"rendered":"SUDADERA HOMBRE CHAMPION CON CAPUCHA 217994"},"content":{"rendered":"<p>Los aires deportivos y la c\u00e1lida felpa perchada de algod\u00f3n de esta sudadera con capucha para hombre la convierten en la prenda perfecta para disfrutar de un fin de semana de lo m\u00e1s acogedor. Su original estampado frontal a\u00f1ade al conjunto un toque sumamente llamativo.  DETALLES DEL PRODUCTO  Cintura y pu\u00f1os de canal\u00e9 el\u00e1stico  Felpa perchada en mezcla de algod\u00f3n de 280 g\/m\u00b2, suave y acogedora  69 % algod\u00f3n, 31 % poli\u00e9ster  Corte c\u00f3modo, con una hechura relajada y generosa                                                                                                                                                                                                                                                                                                                                                                                                                                                                                                                                                                                                                                                                                                                                                                                                                                                                                                                                                                                                                                        <\/p>\n","protected":false},"excerpt":{"rendered":"<p>SUDADERA HOMBRE CHAMPION CON CAPUCHA 217994<\/p>\n","protected":false},"featured_media":52393,"template":"","meta":[],"product_brand":[],"product_cat":[253],"product_tag":[51],"class_list":{"0":"post-38021","1":"product","2":"type-product","3":"status-publish","4":"has-post-thumbnail","6":"product_cat-hombre_textil_sudaderas","7":"product_tag-champion","8":"pa_color-unico","9":"pa_talla-xxl","10":"thunk-woo-product-list","11":"opn-qv-enable","12":"open-woo-hover-","13":"open-single-product-tab-horizontal","14":"open-shadow-","15":"open-shadow-hover-","17":"first","18":"instock","19":"shipping-taxable","20":"purchasable","21":"product-type-variable"},"jetpack_sharing_enabled":true,"_links":{"self":[{"href":"https:\/\/www.deporteseli.com\/index.php?rest_route=\/wp\/v2\/product\/38021","targetHints":{"allow":["GET"]}}],"collection":[{"href":"https:\/\/www.deporteseli.com\/index.php?rest_route=\/wp\/v2\/product"}],"about":[{"href":"https:\/\/www.deporteseli.com\/index.php?rest_route=\/wp\/v2\/types\/product"}],"wp:featuredmedia":[{"embeddable":true,"href":"https:\/\/www.deporteseli.com\/index.php?rest_route=\/wp\/v2\/media\/52393"}],"wp:attachment":[{"href":"https:\/\/www.deporteseli.com\/index.php?rest_route=%2Fwp%2Fv2%2Fmedia&parent=38021"}],"wp:term":[{"taxonomy":"product_brand","embeddable":true,"href":"https:\/\/www.deporteseli.com\/index.php?rest_route=%2Fwp%2Fv2%2Fproduct_brand&post=38021"},{"taxonomy":"product_cat","embeddable":true,"href":"https:\/\/www.deporteseli.com\/index.php?rest_route=%2Fwp%2Fv2%2Fproduct_cat&post=38021"},{"taxonomy":"product_tag","embeddable":true,"href":"https:\/\/www.deporteseli.com\/index.php?rest_route=%2Fwp%2Fv2%2Fproduct_tag&post=38021"}],"curies":[{"name":"wp","href":"https:\/\/api.w.org\/{rel}","templated":true}]}}