{"id":38018,"date":"2026-01-27T17:58:11","date_gmt":"2026-01-27T17:58:11","guid":{"rendered":"https:\/\/www.deporteseli.com\/?product=sudadera-champion-306169-2"},"modified":"2026-01-27T17:58:14","modified_gmt":"2026-01-27T17:58:14","slug":"sudadera-champion-306169-2","status":"publish","type":"product","link":"https:\/\/www.deporteseli.com\/?product=sudadera-champion-306169-2","title":{"rendered":"SUDADERA CHAMPION 306169"},"content":{"rendered":"<p> Aut\u00e9ntico look deportivo en las clases, con la sudadera infantil Champion ! La sudadera con capucha infantil , para ni\u00f1o, cuenta con un amplio bolsillo canguro, para descansar y calentar las manos, adem\u00e1s de un acabado el\u00e1stico para un ajuste \u00fanico. Los detalles de Champion completan el estilo de manera impresionante. Caracter\u00edsticas: Bolsillo canguro. Capucha. Pu\u00f1os y dobladillo acanalados. Logotipo de Champion.                                                                                                                                                                                                                                                                                                                                                                                                                                                                                                                                                                                                                                                                                                                                                                                                                                                                                                                                                                                                                                        <\/p>\n","protected":false},"excerpt":{"rendered":"<p>SUDADERA CHAMPION 306169<\/p>\n","protected":false},"featured_media":52392,"template":"","meta":[],"product_brand":[],"product_cat":[302],"product_tag":[51],"class_list":{"0":"post-38018","1":"product","2":"type-product","3":"status-publish","4":"has-post-thumbnail","6":"product_cat-nino_textil_sudaderas","7":"product_tag-champion","8":"pa_color-unico","9":"pa_talla-s","10":"pa_talla-xxl","11":"thunk-woo-product-list","12":"opn-qv-enable","13":"open-woo-hover-","14":"open-single-product-tab-horizontal","15":"open-shadow-","16":"open-shadow-hover-","18":"first","19":"instock","20":"shipping-taxable","21":"purchasable","22":"product-type-variable"},"jetpack_sharing_enabled":true,"_links":{"self":[{"href":"https:\/\/www.deporteseli.com\/index.php?rest_route=\/wp\/v2\/product\/38018","targetHints":{"allow":["GET"]}}],"collection":[{"href":"https:\/\/www.deporteseli.com\/index.php?rest_route=\/wp\/v2\/product"}],"about":[{"href":"https:\/\/www.deporteseli.com\/index.php?rest_route=\/wp\/v2\/types\/product"}],"wp:featuredmedia":[{"embeddable":true,"href":"https:\/\/www.deporteseli.com\/index.php?rest_route=\/wp\/v2\/media\/52392"}],"wp:attachment":[{"href":"https:\/\/www.deporteseli.com\/index.php?rest_route=%2Fwp%2Fv2%2Fmedia&parent=38018"}],"wp:term":[{"taxonomy":"product_brand","embeddable":true,"href":"https:\/\/www.deporteseli.com\/index.php?rest_route=%2Fwp%2Fv2%2Fproduct_brand&post=38018"},{"taxonomy":"product_cat","embeddable":true,"href":"https:\/\/www.deporteseli.com\/index.php?rest_route=%2Fwp%2Fv2%2Fproduct_cat&post=38018"},{"taxonomy":"product_tag","embeddable":true,"href":"https:\/\/www.deporteseli.com\/index.php?rest_route=%2Fwp%2Fv2%2Fproduct_tag&post=38018"}],"curies":[{"name":"wp","href":"https:\/\/api.w.org\/{rel}","templated":true}]}}