{"id":38014,"date":"2026-01-27T17:58:07","date_gmt":"2026-01-27T17:58:07","guid":{"rendered":"https:\/\/www.deporteseli.com\/?product=camisa-champion-306174"},"modified":"2026-01-27T17:58:08","modified_gmt":"2026-01-27T17:58:08","slug":"camisa-champion-306174","status":"publish","type":"product","link":"https:\/\/www.deporteseli.com\/?product=camisa-champion-306174","title":{"rendered":"CAMISA CHAMPION 306174"},"content":{"rendered":"<p>Definitivamente, menos es m\u00e1s con esta camiseta de cuello caja cl\u00e1sica para mujer. Est\u00e1 confeccionada en un ligero y suave algod\u00f3n y completada con nuestro dise\u00f1o caracter\u00edstico en el pecho.  DETALLES DEL PRODUCTO  Logotipo con nombre completo en grande en el pecho  Logotipo C en la manga  Algod\u00f3n 150 g\/m2  100 % algod\u00f3n  Entalle normal                                                                                                                                                                                                                                                                                                                                                                                                                                                                                                                                                                                                                                                                                                                                                                                                                                                                                                                                                                                                                                        <\/p>\n","protected":false},"excerpt":{"rendered":"<p>CAMISA CHAMPION 306174<\/p>\n","protected":false},"featured_media":52390,"template":"","meta":[],"product_brand":[],"product_cat":[296],"product_tag":[51],"class_list":{"0":"post-38014","1":"product","2":"type-product","3":"status-publish","4":"has-post-thumbnail","6":"product_cat-nino_textil_camisetas","7":"product_tag-champion","8":"pa_color-unico","9":"pa_talla-s","10":"thunk-woo-product-list","11":"opn-qv-enable","12":"open-woo-hover-","13":"open-single-product-tab-horizontal","14":"open-shadow-","15":"open-shadow-hover-","17":"first","18":"instock","19":"shipping-taxable","20":"purchasable","21":"product-type-variable"},"jetpack_sharing_enabled":true,"_links":{"self":[{"href":"https:\/\/www.deporteseli.com\/index.php?rest_route=\/wp\/v2\/product\/38014","targetHints":{"allow":["GET"]}}],"collection":[{"href":"https:\/\/www.deporteseli.com\/index.php?rest_route=\/wp\/v2\/product"}],"about":[{"href":"https:\/\/www.deporteseli.com\/index.php?rest_route=\/wp\/v2\/types\/product"}],"wp:featuredmedia":[{"embeddable":true,"href":"https:\/\/www.deporteseli.com\/index.php?rest_route=\/wp\/v2\/media\/52390"}],"wp:attachment":[{"href":"https:\/\/www.deporteseli.com\/index.php?rest_route=%2Fwp%2Fv2%2Fmedia&parent=38014"}],"wp:term":[{"taxonomy":"product_brand","embeddable":true,"href":"https:\/\/www.deporteseli.com\/index.php?rest_route=%2Fwp%2Fv2%2Fproduct_brand&post=38014"},{"taxonomy":"product_cat","embeddable":true,"href":"https:\/\/www.deporteseli.com\/index.php?rest_route=%2Fwp%2Fv2%2Fproduct_cat&post=38014"},{"taxonomy":"product_tag","embeddable":true,"href":"https:\/\/www.deporteseli.com\/index.php?rest_route=%2Fwp%2Fv2%2Fproduct_tag&post=38014"}],"curies":[{"name":"wp","href":"https:\/\/api.w.org\/{rel}","templated":true}]}}