{"id":38008,"date":"2026-01-27T17:58:00","date_gmt":"2026-01-27T17:58:00","guid":{"rendered":"https:\/\/www.deporteseli.com\/?product=legging-3-bandas-adidas-essentials"},"modified":"2026-01-27T17:58:03","modified_gmt":"2026-01-27T17:58:03","slug":"legging-3-bandas-adidas-essentials","status":"publish","type":"product","link":"https:\/\/www.deporteseli.com\/?product=legging-3-bandas-adidas-essentials","title":{"rendered":"LEGGING 3 BANDAS ADIDAS ESSENTIALS"},"content":{"rendered":"<p>Legging 3 bandas adidas Essentials  Ha salido el sol, los p\u00e1jaros cantan y empiezas bien el d\u00eda: con leggins. \u00bfPero cu\u00e1les? Estas mallas j\u00fanior cumplen con todos los requisitos de tu lista, desde la comodidad hasta el soporte. El logo de adidas en la parte inferior de la pierna es una fuente de inspiraci\u00f3n deportiva, ya sea en el estudio de baile o cuando sale con amigos. Nuestros productos de algod\u00f3n apoyan el cultivo sostenible de algod\u00f3n. Es parte de nuestra ambici\u00f3n acabar con los residuos pl\u00e1sticos. Ajuste apretado                                                                                                                                                                                                                                                                                                                                                                                                                                                                                                                                                                                                                                                                                                                                                                                                                                                                                                                                                                                                                                        <\/p>\n","protected":false},"excerpt":{"rendered":"<p>LEGGING 3 BANDAS ADIDAS ESSENTIALS<\/p>\n","protected":false},"featured_media":52385,"template":"","meta":[],"product_brand":[],"product_cat":[386],"product_tag":[18],"class_list":{"0":"post-38008","1":"product","2":"type-product","3":"status-publish","4":"has-post-thumbnail","6":"product_cat-ninas_textil_mallas","7":"product_tag-adidas","8":"pa_color-unico","9":"pa_talla-t-10","10":"pa_talla-t-12","11":"pa_talla-t-14","12":"thunk-woo-product-list","13":"opn-qv-enable","14":"open-woo-hover-","15":"open-single-product-tab-horizontal","16":"open-shadow-","17":"open-shadow-hover-","19":"first","20":"instock","21":"shipping-taxable","22":"purchasable","23":"product-type-variable"},"jetpack_sharing_enabled":true,"_links":{"self":[{"href":"https:\/\/www.deporteseli.com\/index.php?rest_route=\/wp\/v2\/product\/38008","targetHints":{"allow":["GET"]}}],"collection":[{"href":"https:\/\/www.deporteseli.com\/index.php?rest_route=\/wp\/v2\/product"}],"about":[{"href":"https:\/\/www.deporteseli.com\/index.php?rest_route=\/wp\/v2\/types\/product"}],"wp:featuredmedia":[{"embeddable":true,"href":"https:\/\/www.deporteseli.com\/index.php?rest_route=\/wp\/v2\/media\/52385"}],"wp:attachment":[{"href":"https:\/\/www.deporteseli.com\/index.php?rest_route=%2Fwp%2Fv2%2Fmedia&parent=38008"}],"wp:term":[{"taxonomy":"product_brand","embeddable":true,"href":"https:\/\/www.deporteseli.com\/index.php?rest_route=%2Fwp%2Fv2%2Fproduct_brand&post=38008"},{"taxonomy":"product_cat","embeddable":true,"href":"https:\/\/www.deporteseli.com\/index.php?rest_route=%2Fwp%2Fv2%2Fproduct_cat&post=38008"},{"taxonomy":"product_tag","embeddable":true,"href":"https:\/\/www.deporteseli.com\/index.php?rest_route=%2Fwp%2Fv2%2Fproduct_tag&post=38008"}],"curies":[{"name":"wp","href":"https:\/\/api.w.org\/{rel}","templated":true}]}}