{"id":38006,"date":"2026-01-27T17:57:58","date_gmt":"2026-01-27T17:57:58","guid":{"rendered":"https:\/\/www.deporteseli.com\/?product=solucion-swift-ff-padel-2"},"modified":"2026-01-27T17:57:59","modified_gmt":"2026-01-27T17:57:59","slug":"solucion-swift-ff-padel-2","status":"publish","type":"product","link":"https:\/\/www.deporteseli.com\/?product=solucion-swift-ff-padel-2","title":{"rendered":"SOLUCI\u00f3N SWIFT FF PADEL"},"content":{"rendered":"<p>Esta sudadera no hace las cosas a medias. Es un producto imprescindible para todos los fans deadidas. Ll\u00e9valo con camisetas, pantalones de ch\u00e1ndal, zapatillas de deporte y todos tus elementos deportivos. La capucha es ajustable con un cord\u00f3n de ajuste y el bolsillo tipo canguro mantiene las manos calientes cuando bajan las temperaturas. Este producto est\u00e1 fabricado con materiales reciclados como parte de nuestra lucha contra los residuos de pl\u00e1stico.    Ajuste est\u00e1ndar.                                                                                                                                                                                                                                                                                                                                                                                                                                                                                                                                                                                                                                                                                                                                                                                                                                                                                                                                                                                                                                        <\/p>\n","protected":false},"excerpt":{"rendered":"<p>SOLUCI\u00f3N SWIFT FF PADEL<\/p>\n","protected":false},"featured_media":52384,"template":"","meta":[],"product_brand":[],"product_cat":[279],"product_tag":[18],"class_list":{"0":"post-38006","1":"product","2":"type-product","3":"status-publish","4":"has-post-thumbnail","6":"product_cat-mujer_textil_sudaderas","7":"product_tag-adidas","8":"pa_color-unico","9":"pa_talla-l","10":"thunk-woo-product-list","11":"opn-qv-enable","12":"open-woo-hover-","13":"open-single-product-tab-horizontal","14":"open-shadow-","15":"open-shadow-hover-","17":"first","18":"instock","19":"shipping-taxable","20":"purchasable","21":"product-type-variable"},"jetpack_sharing_enabled":true,"_links":{"self":[{"href":"https:\/\/www.deporteseli.com\/index.php?rest_route=\/wp\/v2\/product\/38006","targetHints":{"allow":["GET"]}}],"collection":[{"href":"https:\/\/www.deporteseli.com\/index.php?rest_route=\/wp\/v2\/product"}],"about":[{"href":"https:\/\/www.deporteseli.com\/index.php?rest_route=\/wp\/v2\/types\/product"}],"wp:featuredmedia":[{"embeddable":true,"href":"https:\/\/www.deporteseli.com\/index.php?rest_route=\/wp\/v2\/media\/52384"}],"wp:attachment":[{"href":"https:\/\/www.deporteseli.com\/index.php?rest_route=%2Fwp%2Fv2%2Fmedia&parent=38006"}],"wp:term":[{"taxonomy":"product_brand","embeddable":true,"href":"https:\/\/www.deporteseli.com\/index.php?rest_route=%2Fwp%2Fv2%2Fproduct_brand&post=38006"},{"taxonomy":"product_cat","embeddable":true,"href":"https:\/\/www.deporteseli.com\/index.php?rest_route=%2Fwp%2Fv2%2Fproduct_cat&post=38006"},{"taxonomy":"product_tag","embeddable":true,"href":"https:\/\/www.deporteseli.com\/index.php?rest_route=%2Fwp%2Fv2%2Fproduct_tag&post=38006"}],"curies":[{"name":"wp","href":"https:\/\/api.w.org\/{rel}","templated":true}]}}