{"id":37991,"date":"2026-01-27T17:57:38","date_gmt":"2026-01-27T17:57:38","guid":{"rendered":"https:\/\/www.deporteseli.com\/?product=top-fila-marleen-white"},"modified":"2026-01-27T17:57:42","modified_gmt":"2026-01-27T17:57:42","slug":"top-fila-marleen-white","status":"publish","type":"product","link":"https:\/\/www.deporteseli.com\/?product=top-fila-marleen-white","title":{"rendered":"TOP FILA MARLEEN WHITE"},"content":{"rendered":"<p>Deporte: Tenis  Cuello\/escote: En V pronunciado  Extras: De secado r\u00e1pido, detalles reflectantes  Transparencia: Poco transparente  Estampado: Unicolor  Funci\u00f3n: Transpirable, de secado r\u00e1pido  N\u00famero de art\u00edculo: 1FI41D03F-A11                                                                                                                                                                                                                                                                                                                                                                                                                                                                                                                                                                                                                                                                                                                                                                                                                                                                                                                                                                                                                                        <\/p>\n","protected":false},"excerpt":{"rendered":"<p>TOP FILA MARLEEN WHITE<\/p>\n","protected":false},"featured_media":52370,"template":"","meta":[],"product_brand":[],"product_cat":[269],"product_tag":[46],"class_list":{"0":"post-37991","1":"product","2":"type-product","3":"status-publish","4":"has-post-thumbnail","6":"product_cat-mujer_textil_camisetas","7":"product_tag-fila","8":"pa_color-unico","9":"pa_talla-l","10":"pa_talla-s","11":"pa_talla-xs","12":"thunk-woo-product-list","13":"opn-qv-enable","14":"open-woo-hover-","15":"open-single-product-tab-horizontal","16":"open-shadow-","17":"open-shadow-hover-","19":"first","20":"instock","21":"shipping-taxable","22":"purchasable","23":"product-type-variable"},"jetpack_sharing_enabled":true,"_links":{"self":[{"href":"https:\/\/www.deporteseli.com\/index.php?rest_route=\/wp\/v2\/product\/37991","targetHints":{"allow":["GET"]}}],"collection":[{"href":"https:\/\/www.deporteseli.com\/index.php?rest_route=\/wp\/v2\/product"}],"about":[{"href":"https:\/\/www.deporteseli.com\/index.php?rest_route=\/wp\/v2\/types\/product"}],"wp:featuredmedia":[{"embeddable":true,"href":"https:\/\/www.deporteseli.com\/index.php?rest_route=\/wp\/v2\/media\/52370"}],"wp:attachment":[{"href":"https:\/\/www.deporteseli.com\/index.php?rest_route=%2Fwp%2Fv2%2Fmedia&parent=37991"}],"wp:term":[{"taxonomy":"product_brand","embeddable":true,"href":"https:\/\/www.deporteseli.com\/index.php?rest_route=%2Fwp%2Fv2%2Fproduct_brand&post=37991"},{"taxonomy":"product_cat","embeddable":true,"href":"https:\/\/www.deporteseli.com\/index.php?rest_route=%2Fwp%2Fv2%2Fproduct_cat&post=37991"},{"taxonomy":"product_tag","embeddable":true,"href":"https:\/\/www.deporteseli.com\/index.php?rest_route=%2Fwp%2Fv2%2Fproduct_tag&post=37991"}],"curies":[{"name":"wp","href":"https:\/\/api.w.org\/{rel}","templated":true}]}}