{"id":37984,"date":"2026-01-27T17:57:29","date_gmt":"2026-01-27T17:57:29","guid":{"rendered":"https:\/\/www.deporteseli.com\/?product=falda-fila-shiva-white"},"modified":"2026-03-07T05:20:29","modified_gmt":"2026-03-07T05:20:29","slug":"falda-fila-shiva-white","status":"publish","type":"product","link":"https:\/\/www.deporteseli.com\/?product=falda-fila-shiva-white","title":{"rendered":"FALDA FILA SHIVA WHITE"},"content":{"rendered":"<p>Logotipo aplicado, Bolsillo para pelotas, Cintura con cord\u00f3n el\u00e1stico, Cintura el\u00e1stica, Pantal\u00f3n corto integrado, Cinturilla estrecha, Costuras decorativas  Tejido ligeramente transparente, tejido multicapa  Ajuste: ajuste delgado, corte recto  N\u00famero de producto  00342201328000  Tipo de producto  Ropa de calle  Tipo de subproducto  Falda  G\u00e9nero  Mujeres  1. color  blanco  3er color  rojo  Nombre del color de las marcas  blanco  Caracter\u00edsticas  Desgaste del equipo  Material  8 % elastano, 100 % poli\u00e9ster, Short: 92 % poli\u00e9ster  Material de tela exterior  100% poli\u00e9ster                                                                                                                                                                                                                                                                                                                                                                                                                                                                                                                                                                                                                                                                                                                                                                                                                                                                                                                                                                                                                                        <\/p>\n","protected":false},"excerpt":{"rendered":"<p>FALDA FILA SHIVA WHITE<\/p>\n","protected":false},"featured_media":52364,"template":"","meta":[],"product_brand":[],"product_cat":[366],"product_tag":[46],"class_list":{"0":"post-37984","1":"product","2":"type-product","3":"status-publish","4":"has-post-thumbnail","6":"product_cat-padel_y_tenis_textil_faldas","7":"product_tag-fila","8":"pa_color-unico","9":"pa_talla-l","10":"pa_talla-s","11":"thunk-woo-product-list","12":"opn-qv-enable","13":"open-woo-hover-","14":"open-single-product-tab-horizontal","15":"open-shadow-","16":"open-shadow-hover-","18":"first","19":"instock","20":"shipping-taxable","21":"purchasable","22":"product-type-variable"},"jetpack_sharing_enabled":true,"_links":{"self":[{"href":"https:\/\/www.deporteseli.com\/index.php?rest_route=\/wp\/v2\/product\/37984","targetHints":{"allow":["GET"]}}],"collection":[{"href":"https:\/\/www.deporteseli.com\/index.php?rest_route=\/wp\/v2\/product"}],"about":[{"href":"https:\/\/www.deporteseli.com\/index.php?rest_route=\/wp\/v2\/types\/product"}],"wp:featuredmedia":[{"embeddable":true,"href":"https:\/\/www.deporteseli.com\/index.php?rest_route=\/wp\/v2\/media\/52364"}],"wp:attachment":[{"href":"https:\/\/www.deporteseli.com\/index.php?rest_route=%2Fwp%2Fv2%2Fmedia&parent=37984"}],"wp:term":[{"taxonomy":"product_brand","embeddable":true,"href":"https:\/\/www.deporteseli.com\/index.php?rest_route=%2Fwp%2Fv2%2Fproduct_brand&post=37984"},{"taxonomy":"product_cat","embeddable":true,"href":"https:\/\/www.deporteseli.com\/index.php?rest_route=%2Fwp%2Fv2%2Fproduct_cat&post=37984"},{"taxonomy":"product_tag","embeddable":true,"href":"https:\/\/www.deporteseli.com\/index.php?rest_route=%2Fwp%2Fv2%2Fproduct_tag&post=37984"}],"curies":[{"name":"wp","href":"https:\/\/api.w.org\/{rel}","templated":true}]}}