{"id":37902,"date":"2026-01-27T17:55:49","date_gmt":"2026-01-27T17:55:49","guid":{"rendered":"https:\/\/www.deporteseli.com\/?product=malla-puma-power-negro-coral-mujer"},"modified":"2026-01-27T17:55:50","modified_gmt":"2026-01-27T17:55:50","slug":"malla-puma-power-negro-coral-mujer","status":"publish","type":"product","link":"https:\/\/www.deporteseli.com\/?product=malla-puma-power-negro-coral-mujer","title":{"rendered":"MALLA PUMA POWER NEGRO\/CORAL MUJER"},"content":{"rendered":"<p>Tanto en d\u00edas de descanso como durante tus aventuras, estos leggings de nuestra colecci\u00f3n Power aportan energ\u00eda a tu look. La prenda destaca por los bloques de color en contraste y la llamativa marca texturizada, mientras que el acabado de algod\u00f3n el\u00e1stico mate le confiere un tacto suave y la m\u00e1xima libertad de movimiento.      DETALLES  Corte ce\u00f1ido  Cinturilla alta  Logotipo PUMA n.\u00ba 1 estampado en goma en la pernera izquierda  Identidad gr\u00e1fica de PUMA estampada en goma en la parte inferior de la pernera derecha  Composici\u00f3n  Exterior: 95% Algod\u00f3n, 5% Elastano                                                                                                                                                                                                                                                                                                                                                                                                                                                                                                                                                                                                                                                                                                                                                                                                                                                                                                                                                                                                                                        <\/p>\n","protected":false},"excerpt":{"rendered":"<p>MALLA PUMA POWER NEGRO\/CORAL MUJER<\/p>\n","protected":false},"featured_media":52338,"template":"","meta":[],"product_brand":[],"product_cat":[281],"product_tag":[32],"class_list":{"0":"post-37902","1":"product","2":"type-product","3":"status-publish","4":"has-post-thumbnail","6":"product_cat-mujer_textil_mallas","7":"product_tag-puma","8":"pa_color-unico","9":"pa_talla-s","10":"thunk-woo-product-list","11":"opn-qv-enable","12":"open-woo-hover-","13":"open-single-product-tab-horizontal","14":"open-shadow-","15":"open-shadow-hover-","17":"first","18":"instock","19":"shipping-taxable","20":"purchasable","21":"product-type-variable"},"jetpack_sharing_enabled":true,"_links":{"self":[{"href":"https:\/\/www.deporteseli.com\/index.php?rest_route=\/wp\/v2\/product\/37902","targetHints":{"allow":["GET"]}}],"collection":[{"href":"https:\/\/www.deporteseli.com\/index.php?rest_route=\/wp\/v2\/product"}],"about":[{"href":"https:\/\/www.deporteseli.com\/index.php?rest_route=\/wp\/v2\/types\/product"}],"wp:featuredmedia":[{"embeddable":true,"href":"https:\/\/www.deporteseli.com\/index.php?rest_route=\/wp\/v2\/media\/52338"}],"wp:attachment":[{"href":"https:\/\/www.deporteseli.com\/index.php?rest_route=%2Fwp%2Fv2%2Fmedia&parent=37902"}],"wp:term":[{"taxonomy":"product_brand","embeddable":true,"href":"https:\/\/www.deporteseli.com\/index.php?rest_route=%2Fwp%2Fv2%2Fproduct_brand&post=37902"},{"taxonomy":"product_cat","embeddable":true,"href":"https:\/\/www.deporteseli.com\/index.php?rest_route=%2Fwp%2Fv2%2Fproduct_cat&post=37902"},{"taxonomy":"product_tag","embeddable":true,"href":"https:\/\/www.deporteseli.com\/index.php?rest_route=%2Fwp%2Fv2%2Fproduct_tag&post=37902"}],"curies":[{"name":"wp","href":"https:\/\/api.w.org\/{rel}","templated":true}]}}