{"id":37898,"date":"2026-01-27T17:55:44","date_gmt":"2026-01-27T17:55:44","guid":{"rendered":"https:\/\/www.deporteseli.com\/?product=sudadera-con-capucha-y-cremallera-para-mujer"},"modified":"2026-01-27T17:55:46","modified_gmt":"2026-01-27T17:55:46","slug":"sudadera-con-capucha-y-cremallera-para-mujer","status":"publish","type":"product","link":"https:\/\/www.deporteseli.com\/?product=sudadera-con-capucha-y-cremallera-para-mujer","title":{"rendered":"SUDADERA CON CAPUCHA Y CREMALLERA PARA MUJER"},"content":{"rendered":"<p>CARACTER\u00cdSTICAS   BENEFICIOS  dryCELL: tecnolog\u00eda de alto rendimiento dise\u00f1ada para absorber la humedad del cuerpo y evitar el sudor durante el ejercicio  Contenido reciclado: prenda fabricada con al menos un 20 % de material reciclado en su composici\u00f3n como paso hacia un futuro mejor  Midori: con el tratamiento de acabado biol\u00f3gico miDori\u00ae bioWick  DETALLES  Corte est\u00e1ndar  Cierre de cremallera completo  Capucha con cord\u00f3n el\u00e1stico y tope de goma  L\u00ednea de corte Evostripe con articulaci\u00f3n que mejora la libertad de movimiento  Mangas ragl\u00e1n para una mayor libertad de movimiento  Pu\u00f1os el\u00e1sticos con la marca PUMA  Dobladillo trasero curvo y asim\u00e9trico  Logotipo PUMA Cat reflectante por transferencia t\u00e9rmica en la parte izquierda del pecho  Logotipo PUMA Cat reflectante por transferencia t\u00e9rmica en la parte izquierda del pecho  Composici\u00f3n  Insertos: 73% Algod\u00f3n, 27% Poli\u00e9ster  Forro De La Capucha: 100% Algod\u00f3n  Exterior: 77% Algod\u00f3n, 23% Poli\u00e9ster                                                                                                                                                                                                                                                                                                                                                                                                                                                                                                                                                                                                                                                                                                                                                                                                                                                                                                                                                                                                                                        <\/p>\n","protected":false},"excerpt":{"rendered":"<p>SUDADERA CON CAPUCHA Y CREMALLERA PARA MUJER<\/p>\n","protected":false},"featured_media":52334,"template":"","meta":[],"product_brand":[],"product_cat":[279],"product_tag":[32],"class_list":{"0":"post-37898","1":"product","2":"type-product","3":"status-publish","4":"has-post-thumbnail","6":"product_cat-mujer_textil_sudaderas","7":"product_tag-puma","8":"pa_color-unico","9":"pa_talla-s","10":"thunk-woo-product-list","11":"opn-qv-enable","12":"open-woo-hover-","13":"open-single-product-tab-horizontal","14":"open-shadow-","15":"open-shadow-hover-","17":"first","18":"instock","19":"shipping-taxable","20":"purchasable","21":"product-type-variable"},"jetpack_sharing_enabled":true,"_links":{"self":[{"href":"https:\/\/www.deporteseli.com\/index.php?rest_route=\/wp\/v2\/product\/37898","targetHints":{"allow":["GET"]}}],"collection":[{"href":"https:\/\/www.deporteseli.com\/index.php?rest_route=\/wp\/v2\/product"}],"about":[{"href":"https:\/\/www.deporteseli.com\/index.php?rest_route=\/wp\/v2\/types\/product"}],"wp:featuredmedia":[{"embeddable":true,"href":"https:\/\/www.deporteseli.com\/index.php?rest_route=\/wp\/v2\/media\/52334"}],"wp:attachment":[{"href":"https:\/\/www.deporteseli.com\/index.php?rest_route=%2Fwp%2Fv2%2Fmedia&parent=37898"}],"wp:term":[{"taxonomy":"product_brand","embeddable":true,"href":"https:\/\/www.deporteseli.com\/index.php?rest_route=%2Fwp%2Fv2%2Fproduct_brand&post=37898"},{"taxonomy":"product_cat","embeddable":true,"href":"https:\/\/www.deporteseli.com\/index.php?rest_route=%2Fwp%2Fv2%2Fproduct_cat&post=37898"},{"taxonomy":"product_tag","embeddable":true,"href":"https:\/\/www.deporteseli.com\/index.php?rest_route=%2Fwp%2Fv2%2Fproduct_tag&post=37898"}],"curies":[{"name":"wp","href":"https:\/\/api.w.org\/{rel}","templated":true}]}}