{"id":37895,"date":"2026-01-27T17:55:41","date_gmt":"2026-01-27T17:55:41","guid":{"rendered":"https:\/\/www.deporteseli.com\/?product=camiseta-juvenil-essentials-colour-blocked"},"modified":"2026-02-26T05:17:52","modified_gmt":"2026-02-26T05:17:52","slug":"camiseta-juvenil-essentials-colour-blocked","status":"publish","type":"product","link":"https:\/\/www.deporteseli.com\/?product=camiseta-juvenil-essentials-colour-blocked","title":{"rendered":"CAMISETA JUVENIL ESSENTIALS  COLOUR BLOCKED"},"content":{"rendered":"<p>HISTORIA DEL PRODUCTO  Luce un look incre\u00edblemente retro con esta elegante camiseta en bloques de color de nuestra colecci\u00f3n Essentials . Con modernos paneles en contraste en la parte delantera y un logotipo PUMA n.\u00ba 1 extragrande en el pecho, derrocha un impresionante aire urbano. Por si fuera poco, contribuir\u00e1s a un mundo m\u00e1s sostenible: se ha confeccionado en algod\u00f3n 100 % y cuenta con la certificaci\u00f3n bluesign\u00ae, que contribuye a promover pr\u00e1cticas m\u00e1s responsables en toda la cadena de suministro textil.      CARACTER\u00cdSTICAS   BENEFICIOS  Al comprar productos de algod\u00f3n de PUMA, apoyas un cultivo de algod\u00f3n m\u00e1s sostenible. M\u00e1s informaci\u00f3n en PUMA.COM\/FOREVERBETTER  DETALLES  Corte est\u00e1ndar  Cuello redondo de canal\u00e9  Logotipo PUMA n.\u00ba 1 estampado en goma  Composici\u00f3n  Acanalado: 80% Algod\u00f3n, 20% Poli\u00e9ster  Exterior: 100% Algod\u00f3n                                                                                                                                                                                                                                                                                                                                                                                                                                                                                                                                                                                                                                                                                                                                                                                                                                                                                                                                                                                                                                        <\/p>\n","protected":false},"excerpt":{"rendered":"<p>CAMISETA JUVENIL ESSENTIALS  COLOUR BLOCKED<\/p>\n","protected":false},"featured_media":52332,"template":"","meta":[],"product_brand":[],"product_cat":[296],"product_tag":[32],"class_list":{"0":"post-37895","1":"product","2":"type-product","3":"status-publish","4":"has-post-thumbnail","6":"product_cat-nino_textil_camisetas","7":"product_tag-puma","8":"pa_color-unico","9":"pa_talla-t-10","10":"pa_talla-t-12","11":"thunk-woo-product-list","12":"opn-qv-enable","13":"open-woo-hover-","14":"open-single-product-tab-horizontal","15":"open-shadow-","16":"open-shadow-hover-","18":"first","19":"instock","20":"shipping-taxable","21":"purchasable","22":"product-type-variable"},"jetpack_sharing_enabled":true,"_links":{"self":[{"href":"https:\/\/www.deporteseli.com\/index.php?rest_route=\/wp\/v2\/product\/37895","targetHints":{"allow":["GET"]}}],"collection":[{"href":"https:\/\/www.deporteseli.com\/index.php?rest_route=\/wp\/v2\/product"}],"about":[{"href":"https:\/\/www.deporteseli.com\/index.php?rest_route=\/wp\/v2\/types\/product"}],"wp:featuredmedia":[{"embeddable":true,"href":"https:\/\/www.deporteseli.com\/index.php?rest_route=\/wp\/v2\/media\/52332"}],"wp:attachment":[{"href":"https:\/\/www.deporteseli.com\/index.php?rest_route=%2Fwp%2Fv2%2Fmedia&parent=37895"}],"wp:term":[{"taxonomy":"product_brand","embeddable":true,"href":"https:\/\/www.deporteseli.com\/index.php?rest_route=%2Fwp%2Fv2%2Fproduct_brand&post=37895"},{"taxonomy":"product_cat","embeddable":true,"href":"https:\/\/www.deporteseli.com\/index.php?rest_route=%2Fwp%2Fv2%2Fproduct_cat&post=37895"},{"taxonomy":"product_tag","embeddable":true,"href":"https:\/\/www.deporteseli.com\/index.php?rest_route=%2Fwp%2Fv2%2Fproduct_tag&post=37895"}],"curies":[{"name":"wp","href":"https:\/\/api.w.org\/{rel}","templated":true}]}}