{"id":37892,"date":"2026-01-27T17:55:36","date_gmt":"2026-01-27T17:55:36","guid":{"rendered":"https:\/\/www.deporteseli.com\/?product=puma-pantalones-power-safari"},"modified":"2026-01-27T17:55:40","modified_gmt":"2026-01-27T17:55:40","slug":"puma-pantalones-power-safari","status":"publish","type":"product","link":"https:\/\/www.deporteseli.com\/?product=puma-pantalones-power-safari","title":{"rendered":"PUMA PANTALONES POWER SAFARI"},"content":{"rendered":"<p>Caracter\u00edsticas:    &#8211; Estampado de caucho con logotipo n.\u00ba 1  &#8211; Impresi\u00f3n de goma gr\u00e1fica  &#8211; Cintura alta con cord\u00f3n el\u00e1stico y extremos de cord\u00f3n redondeados met\u00e1licos para una comodidad personalizada  &#8211; Ribete De Contraste Alrededor De Las Piernas  &#8211; Bolsillos laterales para soluciones de almacenamiento  &#8211; Pu\u00f1os acanalados      Especificaciones:    &#8211; Fabricado con al menos un 20 % de material reciclado como un paso hacia un futuro mejor  &#8211; Material principal 1: 68 % algod\u00f3n, 32 % poli\u00e9ster reciclado &#8211; Polar &#8211; 280,00 G\/M\u00b2 &#8211; Te\u00f1ido en pieza &#8211; Mec\u00e1nico &#8211; Cepillado                                                                                                                                                                                                                                                                                                                                                                                                                                                                                                                                                                                                                                                                                                                                                                                                                                                                                                                                                                                                                                        <\/p>\n","protected":false},"excerpt":{"rendered":"<p>PUMA PANTALONES POWER SAFARI<\/p>\n","protected":false},"featured_media":52329,"template":"","meta":[],"product_brand":[],"product_cat":[278],"product_tag":[32],"class_list":{"0":"post-37892","1":"product","2":"type-product","3":"status-publish","4":"has-post-thumbnail","6":"product_cat-mujer_textil_pantalones","7":"product_tag-puma","8":"pa_color-unico","9":"pa_talla-l","10":"pa_talla-m","11":"thunk-woo-product-list","12":"opn-qv-enable","13":"open-woo-hover-","14":"open-single-product-tab-horizontal","15":"open-shadow-","16":"open-shadow-hover-","18":"first","19":"instock","20":"shipping-taxable","21":"purchasable","22":"product-type-variable"},"jetpack_sharing_enabled":true,"_links":{"self":[{"href":"https:\/\/www.deporteseli.com\/index.php?rest_route=\/wp\/v2\/product\/37892","targetHints":{"allow":["GET"]}}],"collection":[{"href":"https:\/\/www.deporteseli.com\/index.php?rest_route=\/wp\/v2\/product"}],"about":[{"href":"https:\/\/www.deporteseli.com\/index.php?rest_route=\/wp\/v2\/types\/product"}],"wp:featuredmedia":[{"embeddable":true,"href":"https:\/\/www.deporteseli.com\/index.php?rest_route=\/wp\/v2\/media\/52329"}],"wp:attachment":[{"href":"https:\/\/www.deporteseli.com\/index.php?rest_route=%2Fwp%2Fv2%2Fmedia&parent=37892"}],"wp:term":[{"taxonomy":"product_brand","embeddable":true,"href":"https:\/\/www.deporteseli.com\/index.php?rest_route=%2Fwp%2Fv2%2Fproduct_brand&post=37892"},{"taxonomy":"product_cat","embeddable":true,"href":"https:\/\/www.deporteseli.com\/index.php?rest_route=%2Fwp%2Fv2%2Fproduct_cat&post=37892"},{"taxonomy":"product_tag","embeddable":true,"href":"https:\/\/www.deporteseli.com\/index.php?rest_route=%2Fwp%2Fv2%2Fproduct_tag&post=37892"}],"curies":[{"name":"wp","href":"https:\/\/api.w.org\/{rel}","templated":true}]}}