{"id":37890,"date":"2026-01-27T17:55:33","date_gmt":"2026-01-27T17:55:33","guid":{"rendered":"https:\/\/www.deporteseli.com\/?product=chandal-puma-2"},"modified":"2026-01-27T17:55:35","modified_gmt":"2026-01-27T17:55:35","slug":"chandal-puma-2","status":"publish","type":"product","link":"https:\/\/www.deporteseli.com\/?product=chandal-puma-2","title":{"rendered":"CH\u00e1NDAL PUMA"},"content":{"rendered":"<p>CH\u00c1NDAL PUMA   Chaqueta: No. 1 logotipo estampado de l\u00e1mina met\u00e1lica  Capucha con forro de jersey con cordones para un ajuste regulable  cord\u00f3n met\u00e1lico  Bolsillos para soluciones de almacenamiento  Pantalones: No. 1 logotipo estampado de l\u00e1mina met\u00e1lica   Modelo: 670023    Composici\u00f3n: Algod\u00f3n 66% y Poli\u00e9ster reciclado 34%    CH\u00c1NDAL PUMA     Chaqueta: No. 1 logotipo estampado de l\u00e1mina met\u00e1lica  Capucha con forro de jersey con cordones para un ajuste regulable  cord\u00f3n met\u00e1lico  Bolsillos para soluciones de almacenamiento  Pantalones: No. 1 logotipo estampado de l\u00e1mina met\u00e1lica                                                                                                                                                                                                                                                                                                                                                                                                                                                                                                                                                                                                                                                                                                                                                                                                                                                                                                                                                                                                                                        <\/p>\n","protected":false},"excerpt":{"rendered":"<p>CH\u00e1NDAL PUMA<\/p>\n","protected":false},"featured_media":52326,"template":"","meta":[],"product_brand":[],"product_cat":[273],"product_tag":[32],"class_list":{"0":"post-37890","1":"product","2":"type-product","3":"status-publish","4":"has-post-thumbnail","6":"product_cat-mujer_textil_chandals","7":"product_tag-puma","8":"pa_color-unico","9":"pa_talla-xl","10":"thunk-woo-product-list","11":"opn-qv-enable","12":"open-woo-hover-","13":"open-single-product-tab-horizontal","14":"open-shadow-","15":"open-shadow-hover-","17":"first","18":"instock","19":"shipping-taxable","20":"purchasable","21":"product-type-variable"},"jetpack_sharing_enabled":true,"_links":{"self":[{"href":"https:\/\/www.deporteseli.com\/index.php?rest_route=\/wp\/v2\/product\/37890","targetHints":{"allow":["GET"]}}],"collection":[{"href":"https:\/\/www.deporteseli.com\/index.php?rest_route=\/wp\/v2\/product"}],"about":[{"href":"https:\/\/www.deporteseli.com\/index.php?rest_route=\/wp\/v2\/types\/product"}],"wp:featuredmedia":[{"embeddable":true,"href":"https:\/\/www.deporteseli.com\/index.php?rest_route=\/wp\/v2\/media\/52326"}],"wp:attachment":[{"href":"https:\/\/www.deporteseli.com\/index.php?rest_route=%2Fwp%2Fv2%2Fmedia&parent=37890"}],"wp:term":[{"taxonomy":"product_brand","embeddable":true,"href":"https:\/\/www.deporteseli.com\/index.php?rest_route=%2Fwp%2Fv2%2Fproduct_brand&post=37890"},{"taxonomy":"product_cat","embeddable":true,"href":"https:\/\/www.deporteseli.com\/index.php?rest_route=%2Fwp%2Fv2%2Fproduct_cat&post=37890"},{"taxonomy":"product_tag","embeddable":true,"href":"https:\/\/www.deporteseli.com\/index.php?rest_route=%2Fwp%2Fv2%2Fproduct_tag&post=37890"}],"curies":[{"name":"wp","href":"https:\/\/api.w.org\/{rel}","templated":true}]}}