{"id":37884,"date":"2026-01-27T17:55:26","date_gmt":"2026-01-27T17:55:26","guid":{"rendered":"https:\/\/www.deporteseli.com\/?product=pantalon-algodon-puma-nino-marino"},"modified":"2026-01-27T17:55:27","modified_gmt":"2026-01-27T17:55:27","slug":"pantalon-algodon-puma-nino-marino","status":"publish","type":"product","link":"https:\/\/www.deporteseli.com\/?product=pantalon-algodon-puma-nino-marino","title":{"rendered":"PANTAL\u00f3N ALGOD\u00f3N PUMA NI\u00f1O MARINO"},"content":{"rendered":"<p>Estampado de caucho con el logotipo de Better Sportswear  Cintura el\u00e1stica con cord\u00f3n externo para una comodidad personalizada  Bolsillos laterales con presillas de colores pop para soluciones de almacenamiento  Costuras laterales reenviadas para libertad de movimiento.  Pu\u00f1os acanalados  Ajuste regular  Contiene Material Reciclado. Fabricado con fibras recicladas. Una de las respuestas de Puma para reducir nuestro impacto ambiental  El algod\u00f3n en los productos Puma proviene de granjas con un enfoque en la agricultura sostenible, como la eficiencia del agua y la protecci\u00f3n de la salud del suelo.      Especificaciones:    Material principal 1: 75 % algod\u00f3n, 25 % algod\u00f3n Terry franc\u00e9s reciclado 330,00 G\/M\u00b2 Te\u00f1ido en pieza Acabado regular qu\u00edmico                                                                                                                                                                                                                                                                                                                                                                                                                                                                                                                                                                                                                                                                                                                                                                                                                                                                                                                                                                                                                                        <\/p>\n","protected":false},"excerpt":{"rendered":"<p>PANTAL\u00f3N ALGOD\u00f3N PUMA NI\u00f1O MARINO<\/p>\n","protected":false},"featured_media":52319,"template":"","meta":[],"product_brand":[],"product_cat":[301],"product_tag":[32],"class_list":{"0":"post-37884","1":"product","2":"type-product","3":"status-publish","4":"has-post-thumbnail","6":"product_cat-nino_textil_pantalones","7":"product_tag-puma","8":"pa_color-unico","9":"pa_talla-t-12","10":"thunk-woo-product-list","11":"opn-qv-enable","12":"open-woo-hover-","13":"open-single-product-tab-horizontal","14":"open-shadow-","15":"open-shadow-hover-","17":"first","18":"instock","19":"shipping-taxable","20":"purchasable","21":"product-type-variable"},"jetpack_sharing_enabled":true,"_links":{"self":[{"href":"https:\/\/www.deporteseli.com\/index.php?rest_route=\/wp\/v2\/product\/37884","targetHints":{"allow":["GET"]}}],"collection":[{"href":"https:\/\/www.deporteseli.com\/index.php?rest_route=\/wp\/v2\/product"}],"about":[{"href":"https:\/\/www.deporteseli.com\/index.php?rest_route=\/wp\/v2\/types\/product"}],"wp:featuredmedia":[{"embeddable":true,"href":"https:\/\/www.deporteseli.com\/index.php?rest_route=\/wp\/v2\/media\/52319"}],"wp:attachment":[{"href":"https:\/\/www.deporteseli.com\/index.php?rest_route=%2Fwp%2Fv2%2Fmedia&parent=37884"}],"wp:term":[{"taxonomy":"product_brand","embeddable":true,"href":"https:\/\/www.deporteseli.com\/index.php?rest_route=%2Fwp%2Fv2%2Fproduct_brand&post=37884"},{"taxonomy":"product_cat","embeddable":true,"href":"https:\/\/www.deporteseli.com\/index.php?rest_route=%2Fwp%2Fv2%2Fproduct_cat&post=37884"},{"taxonomy":"product_tag","embeddable":true,"href":"https:\/\/www.deporteseli.com\/index.php?rest_route=%2Fwp%2Fv2%2Fproduct_tag&post=37884"}],"curies":[{"name":"wp","href":"https:\/\/api.w.org\/{rel}","templated":true}]}}