{"id":37876,"date":"2026-01-27T17:55:15","date_gmt":"2026-01-27T17:55:15","guid":{"rendered":"https:\/\/www.deporteseli.com\/?product=camiseta-sin-mangas-club-tennis-graphic"},"modified":"2026-01-27T17:55:17","modified_gmt":"2026-01-27T17:55:17","slug":"camiseta-sin-mangas-club-tennis-graphic","status":"publish","type":"product","link":"https:\/\/www.deporteseli.com\/?product=camiseta-sin-mangas-club-tennis-graphic","title":{"rendered":"CAMISETA SIN MANGAS CLUB TENNIS GRAPHIC"},"content":{"rendered":"<p>MUESTRA TU MEJOR VERSI\u00d3N  Cubre todos los \u00e1ngulos de la pista. Esta camiseta sin mangas adidas se ha dise\u00f1ado para que alcances tu pico de rendimiento. Su dise\u00f1o de espalda deportiva te ofrece una total libertad para mover los hombros. El tejido transpirable AEROREADY y los paneles laterales de malla mantienen la piel seca para que no encuentres obst\u00e1culos en tu camino hacia la victoria.    Este producto se ha fabricado con un 100% de material reciclado. Su objetivo es plantear otra soluci\u00f3n m\u00e1s que ayude a eliminar los residuos pl\u00e1sticos.  Detalles  Corte cl\u00e1sico  Cuello redondo  Interlock 100% poli\u00e9ster reciclado  Tejido transpirable AEROREADY  Tirante central en la espalda  Color del art\u00edculo: Linen Green  N\u00famero de art\u00edculo: HM6523                                                                                                                                                                                                                                                                                                                                                                                                                                                                                                                                                                                                                                                                                                                                                                                                                                                                                                                                                                                                                                        <\/p>\n","protected":false},"excerpt":{"rendered":"<p>CAMISETA SIN MANGAS CLUB TENNIS GRAPHIC<\/p>\n","protected":false},"featured_media":52310,"template":"","meta":[],"product_brand":[],"product_cat":[364],"product_tag":[18],"class_list":{"0":"post-37876","1":"product","2":"type-product","3":"status-publish","4":"has-post-thumbnail","6":"product_cat-padel_y_tenis_textil_camisas","7":"product_tag-adidas","8":"pa_color-unico","9":"pa_talla-l","10":"thunk-woo-product-list","11":"opn-qv-enable","12":"open-woo-hover-","13":"open-single-product-tab-horizontal","14":"open-shadow-","15":"open-shadow-hover-","17":"first","18":"instock","19":"shipping-taxable","20":"purchasable","21":"product-type-variable"},"jetpack_sharing_enabled":true,"_links":{"self":[{"href":"https:\/\/www.deporteseli.com\/index.php?rest_route=\/wp\/v2\/product\/37876","targetHints":{"allow":["GET"]}}],"collection":[{"href":"https:\/\/www.deporteseli.com\/index.php?rest_route=\/wp\/v2\/product"}],"about":[{"href":"https:\/\/www.deporteseli.com\/index.php?rest_route=\/wp\/v2\/types\/product"}],"wp:featuredmedia":[{"embeddable":true,"href":"https:\/\/www.deporteseli.com\/index.php?rest_route=\/wp\/v2\/media\/52310"}],"wp:attachment":[{"href":"https:\/\/www.deporteseli.com\/index.php?rest_route=%2Fwp%2Fv2%2Fmedia&parent=37876"}],"wp:term":[{"taxonomy":"product_brand","embeddable":true,"href":"https:\/\/www.deporteseli.com\/index.php?rest_route=%2Fwp%2Fv2%2Fproduct_brand&post=37876"},{"taxonomy":"product_cat","embeddable":true,"href":"https:\/\/www.deporteseli.com\/index.php?rest_route=%2Fwp%2Fv2%2Fproduct_cat&post=37876"},{"taxonomy":"product_tag","embeddable":true,"href":"https:\/\/www.deporteseli.com\/index.php?rest_route=%2Fwp%2Fv2%2Fproduct_tag&post=37876"}],"curies":[{"name":"wp","href":"https:\/\/api.w.org\/{rel}","templated":true}]}}