{"id":37873,"date":"2026-01-27T17:55:12","date_gmt":"2026-01-27T17:55:12","guid":{"rendered":"https:\/\/www.deporteseli.com\/?product=pantalones-cortos-aeroready-essentials-chelse"},"modified":"2026-01-27T17:55:14","modified_gmt":"2026-01-27T17:55:14","slug":"pantalones-cortos-aeroready-essentials-chelse","status":"publish","type":"product","link":"https:\/\/www.deporteseli.com\/?product=pantalones-cortos-aeroready-essentials-chelse","title":{"rendered":"PANTALONES CORTOS AEROREADY ESSENTIALS CHELSE"},"content":{"rendered":"<p>PANTALONES CORTOS AEROREADY ESSENTIALS CHELSEA CON LOGOTIPO PEQUE\u00d1O  PANTALONES CORTOS ELEGANTES QUE ABSORBEN LA HUMEDAD HECHOS CON MATERIALES RECICLADOS.  Olv\u00eddate del pasado. Afloje su control sobre el futuro. Por el momento, solo conc\u00e9ntrate en el ahora, y ya sea relaj\u00e1ndote en ese brillo agotado despu\u00e9s del entrenamiento o girando el dial en la direcci\u00f3n opuesta, estos shorts adidas te ayudan a instalarte en el presente. AEROREADY te ayuda a mantenerte seco, c\u00f3modo y concentrado. Una triple amenaza, se podr\u00eda decir.  DETALLES DE PRODUCTO  Corte normal  Cord\u00f3n en la cintura el\u00e1stica  Tejido liso 100 % poli\u00e9ster reciclado  Bolsillos laterales abiertos                                                                                                                                                                                                                                                                                                                                                                                                                                                                                                                                                                                                                                                                                                                                                                                                                                                                                                                                                                                                                                        <\/p>\n","protected":false},"excerpt":{"rendered":"<p>PANTALONES CORTOS AEROREADY ESSENTIALS CHELSE<\/p>\n","protected":false},"featured_media":52306,"template":"","meta":[],"product_brand":[],"product_cat":[365],"product_tag":[18],"class_list":{"0":"post-37873","1":"product","2":"type-product","3":"status-publish","4":"has-post-thumbnail","6":"product_cat-padel_y_tenis_textil_shorts","7":"product_tag-adidas","8":"pa_color-unico","9":"pa_talla-l","10":"pa_talla-s","11":"thunk-woo-product-list","12":"opn-qv-enable","13":"open-woo-hover-","14":"open-single-product-tab-horizontal","15":"open-shadow-","16":"open-shadow-hover-","18":"first","19":"instock","20":"shipping-taxable","21":"purchasable","22":"product-type-variable"},"jetpack_sharing_enabled":true,"_links":{"self":[{"href":"https:\/\/www.deporteseli.com\/index.php?rest_route=\/wp\/v2\/product\/37873","targetHints":{"allow":["GET"]}}],"collection":[{"href":"https:\/\/www.deporteseli.com\/index.php?rest_route=\/wp\/v2\/product"}],"about":[{"href":"https:\/\/www.deporteseli.com\/index.php?rest_route=\/wp\/v2\/types\/product"}],"wp:featuredmedia":[{"embeddable":true,"href":"https:\/\/www.deporteseli.com\/index.php?rest_route=\/wp\/v2\/media\/52306"}],"wp:attachment":[{"href":"https:\/\/www.deporteseli.com\/index.php?rest_route=%2Fwp%2Fv2%2Fmedia&parent=37873"}],"wp:term":[{"taxonomy":"product_brand","embeddable":true,"href":"https:\/\/www.deporteseli.com\/index.php?rest_route=%2Fwp%2Fv2%2Fproduct_brand&post=37873"},{"taxonomy":"product_cat","embeddable":true,"href":"https:\/\/www.deporteseli.com\/index.php?rest_route=%2Fwp%2Fv2%2Fproduct_cat&post=37873"},{"taxonomy":"product_tag","embeddable":true,"href":"https:\/\/www.deporteseli.com\/index.php?rest_route=%2Fwp%2Fv2%2Fproduct_tag&post=37873"}],"curies":[{"name":"wp","href":"https:\/\/api.w.org\/{rel}","templated":true}]}}