{"id":37869,"date":"2026-01-27T17:54:57","date_gmt":"2026-01-27T17:54:57","guid":{"rendered":"https:\/\/www.deporteseli.com\/?product=camiseta-nino-a-adidas-entrada-18-jsy-granate"},"modified":"2026-01-27T17:54:58","modified_gmt":"2026-01-27T17:54:58","slug":"camiseta-nino-a-adidas-entrada-18-jsy-granate","status":"publish","type":"product","link":"https:\/\/www.deporteseli.com\/?product=camiseta-nino-a-adidas-entrada-18-jsy-granate","title":{"rendered":"CAMISETA NI\u00f1O\/A ADIDAS ENTRADA 18 JSY GRANATE"},"content":{"rendered":"<p>Nuevo dise\u00f1o para las camisetas Entrada de adidas. Camiseta de gran \u00e9xito por su dise\u00f1o y funcionalidad. Tejido Climalite transpirable que si se ajusta a la piel, expulsa el sudor manteni\u00e9ndote fresco y seco en condiciones meteorol\u00f3gicas de calor.    Caracter\u00edsticas t\u00e9cnicas de la camiseta:  Tejido ClimaLite \u00ae  Logo de adidas bordado en el pecho  Cuello circular y camiseta de ajuste regular                                                                                                                                                                                                                                                                                                                                                                                                                                                                                                                                                                                                                                                                                                                                                                                                                                                                                                                                                                                                                                        <\/p>\n","protected":false},"excerpt":{"rendered":"<p>CAMISETA NI\u00f1O\/A ADIDAS ENTRADA 18 JSY GRANATE<\/p>\n","protected":false},"featured_media":52282,"template":"","meta":[],"product_brand":[],"product_cat":[296],"product_tag":[18],"class_list":{"0":"post-37869","1":"product","2":"type-product","3":"status-publish","4":"has-post-thumbnail","6":"product_cat-nino_textil_camisetas","7":"product_tag-adidas","8":"pa_color-unico","9":"pa_talla-t-12","10":"thunk-woo-product-list","11":"opn-qv-enable","12":"open-woo-hover-","13":"open-single-product-tab-horizontal","14":"open-shadow-","15":"open-shadow-hover-","17":"first","18":"instock","19":"shipping-taxable","20":"purchasable","21":"product-type-variable"},"jetpack_sharing_enabled":true,"_links":{"self":[{"href":"https:\/\/www.deporteseli.com\/index.php?rest_route=\/wp\/v2\/product\/37869","targetHints":{"allow":["GET"]}}],"collection":[{"href":"https:\/\/www.deporteseli.com\/index.php?rest_route=\/wp\/v2\/product"}],"about":[{"href":"https:\/\/www.deporteseli.com\/index.php?rest_route=\/wp\/v2\/types\/product"}],"wp:featuredmedia":[{"embeddable":true,"href":"https:\/\/www.deporteseli.com\/index.php?rest_route=\/wp\/v2\/media\/52282"}],"wp:attachment":[{"href":"https:\/\/www.deporteseli.com\/index.php?rest_route=%2Fwp%2Fv2%2Fmedia&parent=37869"}],"wp:term":[{"taxonomy":"product_brand","embeddable":true,"href":"https:\/\/www.deporteseli.com\/index.php?rest_route=%2Fwp%2Fv2%2Fproduct_brand&post=37869"},{"taxonomy":"product_cat","embeddable":true,"href":"https:\/\/www.deporteseli.com\/index.php?rest_route=%2Fwp%2Fv2%2Fproduct_cat&post=37869"},{"taxonomy":"product_tag","embeddable":true,"href":"https:\/\/www.deporteseli.com\/index.php?rest_route=%2Fwp%2Fv2%2Fproduct_tag&post=37869"}],"curies":[{"name":"wp","href":"https:\/\/api.w.org\/{rel}","templated":true}]}}