{"id":37864,"date":"2026-01-27T17:54:50","date_gmt":"2026-01-27T17:54:50","guid":{"rendered":"https:\/\/www.deporteseli.com\/?product=sudadera-para-ninos-adidas-colorblock"},"modified":"2026-01-27T17:54:56","modified_gmt":"2026-01-27T17:54:56","slug":"sudadera-para-ninos-adidas-colorblock","status":"publish","type":"product","link":"https:\/\/www.deporteseli.com\/?product=sudadera-para-ninos-adidas-colorblock","title":{"rendered":"SUDADERA PARA NI\u00f1OS ADIDAS COLORBLOCK"},"content":{"rendered":"<p>Sudadera para ni\u00f1os adidas Colorblock  \u00bfNo te gusta salir de la cama en las ma\u00f1anas fr\u00edas? Tenemos justo lo que necesitas. Ponte esta sudadera con capucha para j\u00f3venes de adidas para protegerte del aire fr\u00edo, y luego salta a la acci\u00f3n del d\u00eda sinti\u00e9ndote bien en este suave forro polar. Los colores vivos combinan el deporte y el estilo, por lo que siempre tendr\u00e1s un aspecto fresco. Fabricado en parte con contenido reciclado a partir de residuos de producci\u00f3n, como residuos de recortes, y residuos dom\u00e9sticos postconsumo para evitar el mayor impacto medioambiental de la producci\u00f3n de contenido virgen. Corte regular                                                                                                                                                                                                                                                                                                                                                                                                                                                                                                                                                                                                                                                                                                                                                                                                                                                                                                                                                                                                                                        <\/p>\n","protected":false},"excerpt":{"rendered":"<p>SUDADERA PARA NI\u00f1OS ADIDAS COLORBLOCK<\/p>\n","protected":false},"featured_media":52279,"template":"","meta":[],"product_brand":[],"product_cat":[384],"product_tag":[18],"class_list":{"0":"post-37864","1":"product","2":"type-product","3":"status-publish","4":"has-post-thumbnail","6":"product_cat-ninas_textil_sudaderas","7":"product_tag-adidas","8":"pa_color-unico","9":"pa_talla-t-10","10":"pa_talla-t-12","11":"pa_talla-t-14","12":"pa_talla-t-16","13":"thunk-woo-product-list","14":"opn-qv-enable","15":"open-woo-hover-","16":"open-single-product-tab-horizontal","17":"open-shadow-","18":"open-shadow-hover-","20":"first","21":"instock","22":"shipping-taxable","23":"purchasable","24":"product-type-variable"},"jetpack_sharing_enabled":true,"_links":{"self":[{"href":"https:\/\/www.deporteseli.com\/index.php?rest_route=\/wp\/v2\/product\/37864","targetHints":{"allow":["GET"]}}],"collection":[{"href":"https:\/\/www.deporteseli.com\/index.php?rest_route=\/wp\/v2\/product"}],"about":[{"href":"https:\/\/www.deporteseli.com\/index.php?rest_route=\/wp\/v2\/types\/product"}],"wp:featuredmedia":[{"embeddable":true,"href":"https:\/\/www.deporteseli.com\/index.php?rest_route=\/wp\/v2\/media\/52279"}],"wp:attachment":[{"href":"https:\/\/www.deporteseli.com\/index.php?rest_route=%2Fwp%2Fv2%2Fmedia&parent=37864"}],"wp:term":[{"taxonomy":"product_brand","embeddable":true,"href":"https:\/\/www.deporteseli.com\/index.php?rest_route=%2Fwp%2Fv2%2Fproduct_brand&post=37864"},{"taxonomy":"product_cat","embeddable":true,"href":"https:\/\/www.deporteseli.com\/index.php?rest_route=%2Fwp%2Fv2%2Fproduct_cat&post=37864"},{"taxonomy":"product_tag","embeddable":true,"href":"https:\/\/www.deporteseli.com\/index.php?rest_route=%2Fwp%2Fv2%2Fproduct_tag&post=37864"}],"curies":[{"name":"wp","href":"https:\/\/api.w.org\/{rel}","templated":true}]}}