{"id":37862,"date":"2026-01-27T17:54:47","date_gmt":"2026-01-27T17:54:47","guid":{"rendered":"https:\/\/www.deporteseli.com\/?product=banador-colorblock-3-bandas"},"modified":"2026-01-27T17:54:49","modified_gmt":"2026-01-27T17:54:49","slug":"banador-colorblock-3-bandas","status":"publish","type":"product","link":"https:\/\/www.deporteseli.com\/?product=banador-colorblock-3-bandas","title":{"rendered":"BA\u00f1ADOR COLORBLOCK 3 BANDAS"},"content":{"rendered":"<p>DIVERSI\u00d3N EN EL AGUA  Si su h\u00e1bitat natural es el agua, con este ba\u00f1ador adidas tu peque disfrutar\u00e1 de cada clase de nataci\u00f3n y cada brazada. Su tejido t\u00e9cnico suave y c\u00f3modo le proporciona una gran libertad de movimiento.    Esta prenda se ha confeccionado con hilo ECONYL\u00ae reciclado y resistente al cloro.  Espalda en V  Punto 78% nailon reciclado \/ 22% elast\u00e1n  Tejido ultraplano y suave  Tejido Infinitex Fitness Eco resistente al cloro  Espalda con escote medio  Pernera de corte medio  Color del art\u00edculo: Dark Purple \/ Bliss Pink  N\u00famero de art\u00edculo: HM2078                                                                                                                                                                                                                                                                                                                                                                                                                                                                                                                                                                                                                                                                                                                                                                                                                                                                                                                                                                                                                                        <\/p>\n","protected":false},"excerpt":{"rendered":"<p>BA\u00f1ADOR COLORBLOCK 3 BANDAS<\/p>\n","protected":false},"featured_media":52275,"template":"","meta":[],"product_brand":[],"product_cat":[377],"product_tag":[18],"class_list":{"0":"post-37862","1":"product","2":"type-product","3":"status-publish","4":"has-post-thumbnail","6":"product_cat-ninas_textil_banadores","7":"product_tag-adidas","8":"pa_color-unico","9":"pa_talla-t-4","10":"thunk-woo-product-list","11":"opn-qv-enable","12":"open-woo-hover-","13":"open-single-product-tab-horizontal","14":"open-shadow-","15":"open-shadow-hover-","17":"first","18":"instock","19":"shipping-taxable","20":"purchasable","21":"product-type-variable"},"jetpack_sharing_enabled":true,"_links":{"self":[{"href":"https:\/\/www.deporteseli.com\/index.php?rest_route=\/wp\/v2\/product\/37862","targetHints":{"allow":["GET"]}}],"collection":[{"href":"https:\/\/www.deporteseli.com\/index.php?rest_route=\/wp\/v2\/product"}],"about":[{"href":"https:\/\/www.deporteseli.com\/index.php?rest_route=\/wp\/v2\/types\/product"}],"wp:featuredmedia":[{"embeddable":true,"href":"https:\/\/www.deporteseli.com\/index.php?rest_route=\/wp\/v2\/media\/52275"}],"wp:attachment":[{"href":"https:\/\/www.deporteseli.com\/index.php?rest_route=%2Fwp%2Fv2%2Fmedia&parent=37862"}],"wp:term":[{"taxonomy":"product_brand","embeddable":true,"href":"https:\/\/www.deporteseli.com\/index.php?rest_route=%2Fwp%2Fv2%2Fproduct_brand&post=37862"},{"taxonomy":"product_cat","embeddable":true,"href":"https:\/\/www.deporteseli.com\/index.php?rest_route=%2Fwp%2Fv2%2Fproduct_cat&post=37862"},{"taxonomy":"product_tag","embeddable":true,"href":"https:\/\/www.deporteseli.com\/index.php?rest_route=%2Fwp%2Fv2%2Fproduct_tag&post=37862"}],"curies":[{"name":"wp","href":"https:\/\/api.w.org\/{rel}","templated":true}]}}