{"id":37832,"date":"2026-01-27T17:54:12","date_gmt":"2026-01-27T17:54:12","guid":{"rendered":"https:\/\/www.deporteseli.com\/?product=camiseta-nike-nsw-ninos"},"modified":"2026-01-27T17:54:13","modified_gmt":"2026-01-27T17:54:13","slug":"camiseta-nike-nsw-ninos","status":"publish","type":"product","link":"https:\/\/www.deporteseli.com\/?product=camiseta-nike-nsw-ninos","title":{"rendered":"CAMISETA NIKE NSW NI\u00f1OS"},"content":{"rendered":"<p>CAMISETA NIKE NSW NI\u00d1OS MAYORES    No creemos que puedas tener demasiados dise\u00f1os de Swoosh, o camisetas, para el caso. El algod\u00f3n suave y el ajuste cl\u00e1sico hacen que este sea tan c\u00f3modo que querr\u00e1s usarlo una y otra vez.    C\u00f3digo de estilo: DX2297-410  LOS DETALLES M\u00c1S FINOS    Ajuste est\u00e1ndar para una sensaci\u00f3n c\u00f3moda y relajada  100% algod\u00f3n  Lavar a maquina                                                                                                                                                                                                                                                                                                                                                                                                                                                                                                                                                                                                                                                                                                                                                                                                                                                                                                                                                                                                                                        <\/p>\n","protected":false},"excerpt":{"rendered":"<p>CAMISETA NIKE NSW NI\u00f1OS<\/p>\n","protected":false},"featured_media":52259,"template":"","meta":[],"product_brand":[],"product_cat":[296],"product_tag":[37],"class_list":{"0":"post-37832","1":"product","2":"type-product","3":"status-publish","4":"has-post-thumbnail","6":"product_cat-nino_textil_camisetas","7":"product_tag-nike","8":"pa_color-unico","9":"pa_talla-s","10":"thunk-woo-product-list","11":"opn-qv-enable","12":"open-woo-hover-","13":"open-single-product-tab-horizontal","14":"open-shadow-","15":"open-shadow-hover-","17":"first","18":"instock","19":"shipping-taxable","20":"purchasable","21":"product-type-variable"},"jetpack_sharing_enabled":true,"_links":{"self":[{"href":"https:\/\/www.deporteseli.com\/index.php?rest_route=\/wp\/v2\/product\/37832","targetHints":{"allow":["GET"]}}],"collection":[{"href":"https:\/\/www.deporteseli.com\/index.php?rest_route=\/wp\/v2\/product"}],"about":[{"href":"https:\/\/www.deporteseli.com\/index.php?rest_route=\/wp\/v2\/types\/product"}],"wp:featuredmedia":[{"embeddable":true,"href":"https:\/\/www.deporteseli.com\/index.php?rest_route=\/wp\/v2\/media\/52259"}],"wp:attachment":[{"href":"https:\/\/www.deporteseli.com\/index.php?rest_route=%2Fwp%2Fv2%2Fmedia&parent=37832"}],"wp:term":[{"taxonomy":"product_brand","embeddable":true,"href":"https:\/\/www.deporteseli.com\/index.php?rest_route=%2Fwp%2Fv2%2Fproduct_brand&post=37832"},{"taxonomy":"product_cat","embeddable":true,"href":"https:\/\/www.deporteseli.com\/index.php?rest_route=%2Fwp%2Fv2%2Fproduct_cat&post=37832"},{"taxonomy":"product_tag","embeddable":true,"href":"https:\/\/www.deporteseli.com\/index.php?rest_route=%2Fwp%2Fv2%2Fproduct_tag&post=37832"}],"curies":[{"name":"wp","href":"https:\/\/api.w.org\/{rel}","templated":true}]}}