{"id":37824,"date":"2026-01-27T17:54:02","date_gmt":"2026-01-27T17:54:02","guid":{"rendered":"https:\/\/www.deporteseli.com\/?product=venda-rucanor-tendo-sport-vendajes-deportiv"},"modified":"2026-01-27T17:54:04","modified_gmt":"2026-01-27T17:54:04","slug":"venda-rucanor-tendo-sport-vendajes-deportiv","status":"publish","type":"product","link":"https:\/\/www.deporteseli.com\/?product=venda-rucanor-tendo-sport-vendajes-deportiv","title":{"rendered":"VENDA RUCANOR TENDO SPORT &#8211; VENDAJES DEPORTIV"},"content":{"rendered":"<p>Descripci\u00f3n del producto  El vendaje Rucanor Tendo Sport es un vendaje para la rodilla fabricado en neopreno de 3 mil\u00edmetros forrado con una suave tela de rizo. Las correas especiales de la r\u00f3tula se han desarrollado especialmente para la rodilla de un saltador. El vendaje tiene un tratamiento higienizado \u00fanico para una gran comodidad de uso.                                                                                                                                                                                                                                                                                                                                                                                                                                                                                                                                                                                                                                                                                                                                                                                                                                                                                                                                                                                                                                        <\/p>\n","protected":false},"excerpt":{"rendered":"<p>VENDA RUCANOR TENDO SPORT &#8211; VENDAJES DEPORTIV<\/p>\n","protected":false},"featured_media":52253,"template":"","meta":[],"product_brand":[],"product_cat":[242],"product_tag":[39],"class_list":{"0":"post-37824","1":"product","2":"type-product","3":"status-publish","4":"has-post-thumbnail","6":"product_cat-unisex_accesorios","7":"product_tag-rucanor","8":"pa_color-unico","9":"pa_talla-unica","10":"thunk-woo-product-list","11":"opn-qv-enable","12":"open-woo-hover-","13":"open-single-product-tab-horizontal","14":"open-shadow-","15":"open-shadow-hover-","17":"first","18":"instock","19":"shipping-taxable","20":"purchasable","21":"product-type-variable"},"jetpack_sharing_enabled":true,"_links":{"self":[{"href":"https:\/\/www.deporteseli.com\/index.php?rest_route=\/wp\/v2\/product\/37824","targetHints":{"allow":["GET"]}}],"collection":[{"href":"https:\/\/www.deporteseli.com\/index.php?rest_route=\/wp\/v2\/product"}],"about":[{"href":"https:\/\/www.deporteseli.com\/index.php?rest_route=\/wp\/v2\/types\/product"}],"wp:featuredmedia":[{"embeddable":true,"href":"https:\/\/www.deporteseli.com\/index.php?rest_route=\/wp\/v2\/media\/52253"}],"wp:attachment":[{"href":"https:\/\/www.deporteseli.com\/index.php?rest_route=%2Fwp%2Fv2%2Fmedia&parent=37824"}],"wp:term":[{"taxonomy":"product_brand","embeddable":true,"href":"https:\/\/www.deporteseli.com\/index.php?rest_route=%2Fwp%2Fv2%2Fproduct_brand&post=37824"},{"taxonomy":"product_cat","embeddable":true,"href":"https:\/\/www.deporteseli.com\/index.php?rest_route=%2Fwp%2Fv2%2Fproduct_cat&post=37824"},{"taxonomy":"product_tag","embeddable":true,"href":"https:\/\/www.deporteseli.com\/index.php?rest_route=%2Fwp%2Fv2%2Fproduct_tag&post=37824"}],"curies":[{"name":"wp","href":"https:\/\/api.w.org\/{rel}","templated":true}]}}