{"id":37798,"date":"2026-01-27T17:53:26","date_gmt":"2026-01-27T17:53:26","guid":{"rendered":"https:\/\/www.deporteseli.com\/?product=zapatilla-bullpadel-hack-hybrid-fly-22i-blanc"},"modified":"2026-01-27T17:53:32","modified_gmt":"2026-01-27T17:53:32","slug":"zapatilla-bullpadel-hack-hybrid-fly-22i-blanc","status":"publish","type":"product","link":"https:\/\/www.deporteseli.com\/?product=zapatilla-bullpadel-hack-hybrid-fly-22i-blanc","title":{"rendered":"ZAPATILLA BULLPADEL HACK HYBRID FLY 22I BLANC"},"content":{"rendered":"<p>Zapatilla utilizada por Paquito Navarro, est\u00e1 concebida para jugadores profesionales o avanzados que buscan un calzado flexible y ligero que permita movimientos r\u00e1pidos, garantizando una mayor estabilidad y tracci\u00f3n.    N\u00fameros: 40-46    Peso: 340 grs. (n\u00ba41)    Color: blanco\/azul                                                                                                                                                                                                                                                                                                                                                                                                                                                                                                                                                                                                                                                                                                                                                                                                                                                                                                                                                                                                                                        <\/p>\n","protected":false},"excerpt":{"rendered":"<p>ZAPATILLA BULLPADEL HACK HYBRID FLY 22I BLANC<\/p>\n","protected":false},"featured_media":52233,"template":"","meta":[],"product_brand":[],"product_cat":[371],"product_tag":[21],"class_list":{"0":"post-37798","1":"product","2":"type-product","3":"status-publish","4":"has-post-thumbnail","6":"product_cat-padel_y_tenis_calzado","7":"product_tag-bull_padel","8":"pa_color-unico","9":"pa_talla-149","10":"pa_talla-151","11":"pa_talla-153","12":"pa_talla-155","13":"thunk-woo-product-list","14":"opn-qv-enable","15":"open-woo-hover-","16":"open-single-product-tab-horizontal","17":"open-shadow-","18":"open-shadow-hover-","20":"first","21":"instock","22":"sale","23":"shipping-taxable","24":"purchasable","25":"product-type-variable"},"jetpack_sharing_enabled":true,"_links":{"self":[{"href":"https:\/\/www.deporteseli.com\/index.php?rest_route=\/wp\/v2\/product\/37798","targetHints":{"allow":["GET"]}}],"collection":[{"href":"https:\/\/www.deporteseli.com\/index.php?rest_route=\/wp\/v2\/product"}],"about":[{"href":"https:\/\/www.deporteseli.com\/index.php?rest_route=\/wp\/v2\/types\/product"}],"wp:featuredmedia":[{"embeddable":true,"href":"https:\/\/www.deporteseli.com\/index.php?rest_route=\/wp\/v2\/media\/52233"}],"wp:attachment":[{"href":"https:\/\/www.deporteseli.com\/index.php?rest_route=%2Fwp%2Fv2%2Fmedia&parent=37798"}],"wp:term":[{"taxonomy":"product_brand","embeddable":true,"href":"https:\/\/www.deporteseli.com\/index.php?rest_route=%2Fwp%2Fv2%2Fproduct_brand&post=37798"},{"taxonomy":"product_cat","embeddable":true,"href":"https:\/\/www.deporteseli.com\/index.php?rest_route=%2Fwp%2Fv2%2Fproduct_cat&post=37798"},{"taxonomy":"product_tag","embeddable":true,"href":"https:\/\/www.deporteseli.com\/index.php?rest_route=%2Fwp%2Fv2%2Fproduct_tag&post=37798"}],"curies":[{"name":"wp","href":"https:\/\/api.w.org\/{rel}","templated":true}]}}