{"id":37792,"date":"2026-01-27T17:53:16","date_gmt":"2026-01-27T17:53:16","guid":{"rendered":"https:\/\/www.deporteseli.com\/?product=zapatilla-bullpadel-hack-hybrid-fly-22i-vino"},"modified":"2026-03-05T05:17:41","modified_gmt":"2026-03-05T05:17:41","slug":"zapatilla-bullpadel-hack-hybrid-fly-22i-vino","status":"publish","type":"product","link":"https:\/\/www.deporteseli.com\/?product=zapatilla-bullpadel-hack-hybrid-fly-22i-vino","title":{"rendered":"ZAPATILLA BULLPADEL HACK HYBRID FLY 22I VINO"},"content":{"rendered":"<p>Zapatilla utilizada por Paquito Navarro, est\u00e1 concebida para jugadores profesionales o avanzados que buscan un calzado flexible y ligero que permita movimientos r\u00e1pidos, garantizando una mayor estabilidad y tracci\u00f3n.    N\u00fameros: 40-46    Peso: 340 gr. (n\u00ba41)    Color: vino burdeos                                                                                                                                                                                                                                                                                                                                                                                                                                                                                                                                                                                                                                                                                                                                                                                                                                                                                                                                                                                                                                        <\/p>\n","protected":false},"excerpt":{"rendered":"<p>ZAPATILLA BULLPADEL HACK HYBRID FLY 22I VINO<\/p>\n","protected":false},"featured_media":52229,"template":"","meta":[],"product_brand":[],"product_cat":[371],"product_tag":[21],"class_list":{"0":"post-37792","1":"product","2":"type-product","3":"status-publish","4":"has-post-thumbnail","6":"product_cat-padel_y_tenis_calzado","7":"product_tag-bull_padel","8":"pa_color-unico","9":"pa_talla-151","10":"pa_talla-42-5","11":"pa_talla-155","12":"pa_talla-43-5","13":"pa_talla-157","14":"thunk-woo-product-list","15":"opn-qv-enable","16":"open-woo-hover-","17":"open-single-product-tab-horizontal","18":"open-shadow-","19":"open-shadow-hover-","21":"first","22":"instock","23":"sale","24":"shipping-taxable","25":"purchasable","26":"product-type-variable"},"jetpack_sharing_enabled":true,"_links":{"self":[{"href":"https:\/\/www.deporteseli.com\/index.php?rest_route=\/wp\/v2\/product\/37792","targetHints":{"allow":["GET"]}}],"collection":[{"href":"https:\/\/www.deporteseli.com\/index.php?rest_route=\/wp\/v2\/product"}],"about":[{"href":"https:\/\/www.deporteseli.com\/index.php?rest_route=\/wp\/v2\/types\/product"}],"wp:featuredmedia":[{"embeddable":true,"href":"https:\/\/www.deporteseli.com\/index.php?rest_route=\/wp\/v2\/media\/52229"}],"wp:attachment":[{"href":"https:\/\/www.deporteseli.com\/index.php?rest_route=%2Fwp%2Fv2%2Fmedia&parent=37792"}],"wp:term":[{"taxonomy":"product_brand","embeddable":true,"href":"https:\/\/www.deporteseli.com\/index.php?rest_route=%2Fwp%2Fv2%2Fproduct_brand&post=37792"},{"taxonomy":"product_cat","embeddable":true,"href":"https:\/\/www.deporteseli.com\/index.php?rest_route=%2Fwp%2Fv2%2Fproduct_cat&post=37792"},{"taxonomy":"product_tag","embeddable":true,"href":"https:\/\/www.deporteseli.com\/index.php?rest_route=%2Fwp%2Fv2%2Fproduct_tag&post=37792"}],"curies":[{"name":"wp","href":"https:\/\/api.w.org\/{rel}","templated":true}]}}