{"id":37788,"date":"2026-01-27T17:53:11","date_gmt":"2026-01-27T17:53:11","guid":{"rendered":"https:\/\/www.deporteseli.com\/?product=sudadera-bullpadel-imbui-j-coral-fluor"},"modified":"2026-01-27T17:53:15","modified_gmt":"2026-01-27T17:53:15","slug":"sudadera-bullpadel-imbui-j-coral-fluor","status":"publish","type":"product","link":"https:\/\/www.deporteseli.com\/?product=sudadera-bullpadel-imbui-j-coral-fluor","title":{"rendered":"SUDADERA BULLPADEL IMBUI J CORAL FLUOR"},"content":{"rendered":"<p>Sudadera con capucha para nuestros jugadores junior.    Composici\u00f3n: 95% algod\u00f3n-5% poli\u00e9ster, interlock backside brushed.    Tejido t\u00e9cnico: Termalflex    Color: coral fl\u00faor                                                                                                                                                                                                                                                                                                                                                                                                                                                                                                                                                                                                                                                                                                                                                                                                                                                                                                                                                                                                                                        <\/p>\n","protected":false},"excerpt":{"rendered":"<p>SUDADERA BULLPADEL IMBUI J CORAL FLUOR<\/p>\n","protected":false},"featured_media":52225,"template":"","meta":[],"product_brand":[],"product_cat":[368],"product_tag":[21],"class_list":{"0":"post-37788","1":"product","2":"type-product","3":"status-publish","4":"has-post-thumbnail","6":"product_cat-padel_y_tenis_textil_sudaderas","7":"product_tag-bull_padel","8":"pa_color-unico","9":"pa_talla-t-12","10":"pa_talla-t-14","11":"pa_talla-t-16","12":"thunk-woo-product-list","13":"opn-qv-enable","14":"open-woo-hover-","15":"open-single-product-tab-horizontal","16":"open-shadow-","17":"open-shadow-hover-","19":"first","20":"instock","21":"shipping-taxable","22":"purchasable","23":"product-type-variable"},"jetpack_sharing_enabled":true,"_links":{"self":[{"href":"https:\/\/www.deporteseli.com\/index.php?rest_route=\/wp\/v2\/product\/37788","targetHints":{"allow":["GET"]}}],"collection":[{"href":"https:\/\/www.deporteseli.com\/index.php?rest_route=\/wp\/v2\/product"}],"about":[{"href":"https:\/\/www.deporteseli.com\/index.php?rest_route=\/wp\/v2\/types\/product"}],"wp:featuredmedia":[{"embeddable":true,"href":"https:\/\/www.deporteseli.com\/index.php?rest_route=\/wp\/v2\/media\/52225"}],"wp:attachment":[{"href":"https:\/\/www.deporteseli.com\/index.php?rest_route=%2Fwp%2Fv2%2Fmedia&parent=37788"}],"wp:term":[{"taxonomy":"product_brand","embeddable":true,"href":"https:\/\/www.deporteseli.com\/index.php?rest_route=%2Fwp%2Fv2%2Fproduct_brand&post=37788"},{"taxonomy":"product_cat","embeddable":true,"href":"https:\/\/www.deporteseli.com\/index.php?rest_route=%2Fwp%2Fv2%2Fproduct_cat&post=37788"},{"taxonomy":"product_tag","embeddable":true,"href":"https:\/\/www.deporteseli.com\/index.php?rest_route=%2Fwp%2Fv2%2Fproduct_tag&post=37788"}],"curies":[{"name":"wp","href":"https:\/\/api.w.org\/{rel}","templated":true}]}}