{"id":37779,"date":"2026-01-27T17:52:53","date_gmt":"2026-01-27T17:52:53","guid":{"rendered":"https:\/\/www.deporteseli.com\/?product=solution-swift-ff-padel"},"modified":"2026-01-27T17:53:03","modified_gmt":"2026-01-27T17:53:03","slug":"solution-swift-ff-padel","status":"publish","type":"product","link":"https:\/\/www.deporteseli.com\/?product=solution-swift-ff-padel","title":{"rendered":"SOLUTION SWIFT FF PADEL"},"content":{"rendered":"<p>La zapatilla SOLUTION SWIFT\u2122 FF PADEL ha sido dise\u00f1ada para jugadores de toda la pista que cubren la red y la l\u00ednea de fondo. Cuenta con un dise\u00f1o de suela flexible que es muy pr\u00e1ctico para los movimientos multidireccionales.    La entresuela de esta zapatilla est\u00e1 formada por amortiguaci\u00f3n FLYTEFOAM\u2122. Se trata de una espuma ligera y resistente que aumenta la absorci\u00f3n de impactos.    Adem\u00e1s, la unidad de sujeci\u00f3n TWISTRUSS\u2122 del mediopi\u00e9 te ayuda a experimentar cortes r\u00e1pidos y seguros en la pista.    Estilo  : 1042A204.001  Caracter\u00edsticas t\u00e9cnicas  Una parte superior flexible  Tecnolog\u00eda TWISTRUSS\u2122 que mejora la estabilidad al realizar r\u00e1pidos movimientos r\u00e1pidos  Tecnolog\u00eda GEL\u2122 en el antepi\u00e9 y el retropi\u00e9 que mejora la absorci\u00f3n de impactos y genera una sensaci\u00f3n de suavidad en cada pisada  Amortiguaci\u00f3n FLYTEFOAM\u2122 que proporciona absorci\u00f3n de impactos y ligereza  La plantilla se confecciona bajo un proceso de te\u00f1ido en soluci\u00f3n, que reduce el consumo de agua en aproximadamente un 33 % y las emisiones de carbono en aproximadamente un 45 % en comparaci\u00f3n con la tecnolog\u00eda de te\u00f1ido convencional  El protector de la puntera PGUARD\u2122 mejora la durabilidad                                                                                                                                                                                                                                                                                                                                                                                                                                                                                                                                                                                                                                                                                                                                                                                                                                                                                                                                                                                                                                        <\/p>\n","protected":false},"excerpt":{"rendered":"<p>SOLUTION SWIFT FF PADEL<\/p>\n","protected":false},"featured_media":52215,"template":"","meta":[],"product_brand":[],"product_cat":[371],"product_tag":[19],"class_list":{"0":"post-37779","1":"product","2":"type-product","3":"status-publish","4":"has-post-thumbnail","6":"product_cat-padel_y_tenis_calzado","7":"product_tag-asics","8":"pa_color-unico","9":"pa_talla-37-5","10":"pa_talla-145","11":"pa_talla-147","12":"pa_talla-40-5","13":"thunk-woo-product-list","14":"opn-qv-enable","15":"open-woo-hover-","16":"open-single-product-tab-horizontal","17":"open-shadow-","18":"open-shadow-hover-","20":"first","21":"instock","22":"sale","23":"shipping-taxable","24":"purchasable","25":"product-type-variable"},"jetpack_sharing_enabled":true,"_links":{"self":[{"href":"https:\/\/www.deporteseli.com\/index.php?rest_route=\/wp\/v2\/product\/37779","targetHints":{"allow":["GET"]}}],"collection":[{"href":"https:\/\/www.deporteseli.com\/index.php?rest_route=\/wp\/v2\/product"}],"about":[{"href":"https:\/\/www.deporteseli.com\/index.php?rest_route=\/wp\/v2\/types\/product"}],"wp:featuredmedia":[{"embeddable":true,"href":"https:\/\/www.deporteseli.com\/index.php?rest_route=\/wp\/v2\/media\/52215"}],"wp:attachment":[{"href":"https:\/\/www.deporteseli.com\/index.php?rest_route=%2Fwp%2Fv2%2Fmedia&parent=37779"}],"wp:term":[{"taxonomy":"product_brand","embeddable":true,"href":"https:\/\/www.deporteseli.com\/index.php?rest_route=%2Fwp%2Fv2%2Fproduct_brand&post=37779"},{"taxonomy":"product_cat","embeddable":true,"href":"https:\/\/www.deporteseli.com\/index.php?rest_route=%2Fwp%2Fv2%2Fproduct_cat&post=37779"},{"taxonomy":"product_tag","embeddable":true,"href":"https:\/\/www.deporteseli.com\/index.php?rest_route=%2Fwp%2Fv2%2Fproduct_tag&post=37779"}],"curies":[{"name":"wp","href":"https:\/\/api.w.org\/{rel}","templated":true}]}}