{"id":37770,"date":"2026-01-27T17:52:40","date_gmt":"2026-01-27T17:52:40","guid":{"rendered":"https:\/\/www.deporteseli.com\/?product=banador-classic-3-bandas"},"modified":"2026-01-27T17:52:44","modified_gmt":"2026-01-27T17:52:44","slug":"banador-classic-3-bandas","status":"publish","type":"product","link":"https:\/\/www.deporteseli.com\/?product=banador-classic-3-bandas","title":{"rendered":"BA\u00f1ADOR CLASSIC 3 BANDAS"},"content":{"rendered":"<p>CONFORT Y CONCIENCIA MEDIOAMBIENTAL  Surfea, practica paddle surf o flota en una balsa. Este ba\u00f1ador adidas te ofrece una total comodidad sea cual sea tu actividad acu\u00e1tica favorita. Presenta un dise\u00f1o corto con un calzoncillo interior que proporciona mayor cobertura. Su tejido ligero se seca r\u00e1pidamente al salir del agua.    Este producto se ha fabricado con Primegreen, una combinaci\u00f3n de materiales reciclados de alto rendimiento.  Pernera muy corta: 34 cm (talla M)  Cintura el\u00e1stica con cord\u00f3n  Tejido t\u00e9cnico 100% poli\u00e9ster reciclado con acabado sin fluorocarbonos que repele el agua  Calzoncillo interior de malla  Bolsillos laterales  Secado r\u00e1pido  Primegreen  Color del art\u00edculo: Legend Ink  N\u00famero de art\u00edculo: GQ1100                                                                                                                                                                                                                                                                                                                                                                                                                                                                                                                                                                                                                                                                                                                                                                                                                                                                                                                                                                                                                                        <\/p>\n","protected":false},"excerpt":{"rendered":"<p>BA\u00f1ADOR CLASSIC 3 BANDAS<\/p>\n","protected":false},"featured_media":52204,"template":"","meta":[],"product_brand":[],"product_cat":[251],"product_tag":[18],"class_list":{"0":"post-37770","1":"product","2":"type-product","3":"status-publish","4":"has-post-thumbnail","6":"product_cat-hombre_textil_shorts","7":"product_tag-adidas","8":"pa_color-unico","9":"pa_talla-l","10":"pa_talla-m","11":"thunk-woo-product-list","12":"opn-qv-enable","13":"open-woo-hover-","14":"open-single-product-tab-horizontal","15":"open-shadow-","16":"open-shadow-hover-","18":"first","19":"instock","20":"shipping-taxable","21":"purchasable","22":"product-type-variable"},"jetpack_sharing_enabled":true,"_links":{"self":[{"href":"https:\/\/www.deporteseli.com\/index.php?rest_route=\/wp\/v2\/product\/37770","targetHints":{"allow":["GET"]}}],"collection":[{"href":"https:\/\/www.deporteseli.com\/index.php?rest_route=\/wp\/v2\/product"}],"about":[{"href":"https:\/\/www.deporteseli.com\/index.php?rest_route=\/wp\/v2\/types\/product"}],"wp:featuredmedia":[{"embeddable":true,"href":"https:\/\/www.deporteseli.com\/index.php?rest_route=\/wp\/v2\/media\/52204"}],"wp:attachment":[{"href":"https:\/\/www.deporteseli.com\/index.php?rest_route=%2Fwp%2Fv2%2Fmedia&parent=37770"}],"wp:term":[{"taxonomy":"product_brand","embeddable":true,"href":"https:\/\/www.deporteseli.com\/index.php?rest_route=%2Fwp%2Fv2%2Fproduct_brand&post=37770"},{"taxonomy":"product_cat","embeddable":true,"href":"https:\/\/www.deporteseli.com\/index.php?rest_route=%2Fwp%2Fv2%2Fproduct_cat&post=37770"},{"taxonomy":"product_tag","embeddable":true,"href":"https:\/\/www.deporteseli.com\/index.php?rest_route=%2Fwp%2Fv2%2Fproduct_tag&post=37770"}],"curies":[{"name":"wp","href":"https:\/\/api.w.org\/{rel}","templated":true}]}}