{"id":37762,"date":"2026-01-27T17:52:28","date_gmt":"2026-01-27T17:52:28","guid":{"rendered":"https:\/\/www.deporteseli.com\/?product=tenis-adidas-grand-court-td-lifestyle-court-c"},"modified":"2026-02-28T05:18:04","modified_gmt":"2026-02-28T05:18:04","slug":"tenis-adidas-grand-court-td-lifestyle-court-c","status":"publish","type":"product","link":"https:\/\/www.deporteseli.com\/?product=tenis-adidas-grand-court-td-lifestyle-court-c","title":{"rendered":"TENIS ADIDAS GRAND COURT TD LIFESTYLE COURT C"},"content":{"rendered":"<p>TENIS CL\u00c1SICOS ACTUALIZADOS, HECHOS PARCIALMENTE CON MATERIALES RECICLADOS  Tenis que perduran en el tiempo. Los tenis adidas Grand Court nos han acompa\u00f1ado desde los a\u00f1os 70. Una vez tengas la versi\u00f3n actualizada de este cl\u00e1sico en tu colecci\u00f3n, no vas a querer usar otros tenis. Las 3 Franjas le confieren un toque deportivo a cualquier outfit.    Hecho a base de materiales reciclados, este exterior incorpora al menos un 50 % de contenido reciclado. Este producto es solo una de nuestras soluciones para acabar con los residuos pl\u00e1sticos.  Ajuste cl\u00e1sico  Sistema de amarre de cordones  Exterior de piel sint\u00e9tica  Forro interno sint\u00e9tico  Suela tipo cupsole de caucho  El exterior contiene al menos un 50 % de material reciclado  Color del art\u00edculo: Cloud White \/ Platinum Metallic \/ Cloud White  N\u00famero de art\u00edculo: GW9263                                                                                                                                                                                                                                                                                                                                                                                                                                                                                                                                                                                                                                                                                                                                                                                                                                                                                                                                                                                                                                        <\/p>\n","protected":false},"excerpt":{"rendered":"<p>TENIS ADIDAS GRAND COURT TD LIFESTYLE COURT C<\/p>\n","protected":false},"featured_media":52200,"template":"","meta":[],"product_brand":[],"product_cat":[287],"product_tag":[18],"class_list":{"0":"post-37762","1":"product","2":"type-product","3":"status-publish","4":"has-post-thumbnail","6":"product_cat-mujer_calzado_casual","7":"product_tag-adidas","8":"pa_color-unico","9":"pa_talla-141","10":"pa_talla-36-5","11":"pa_talla-37-5","12":"pa_talla-145","13":"pa_talla-38-5","14":"pa_talla-39-5","15":"pa_talla-149","16":"thunk-woo-product-list","17":"opn-qv-enable","18":"open-woo-hover-","19":"open-single-product-tab-horizontal","20":"open-shadow-","21":"open-shadow-hover-","23":"first","24":"instock","25":"sale","26":"shipping-taxable","27":"purchasable","28":"product-type-variable"},"jetpack_sharing_enabled":true,"_links":{"self":[{"href":"https:\/\/www.deporteseli.com\/index.php?rest_route=\/wp\/v2\/product\/37762","targetHints":{"allow":["GET"]}}],"collection":[{"href":"https:\/\/www.deporteseli.com\/index.php?rest_route=\/wp\/v2\/product"}],"about":[{"href":"https:\/\/www.deporteseli.com\/index.php?rest_route=\/wp\/v2\/types\/product"}],"wp:featuredmedia":[{"embeddable":true,"href":"https:\/\/www.deporteseli.com\/index.php?rest_route=\/wp\/v2\/media\/52200"}],"wp:attachment":[{"href":"https:\/\/www.deporteseli.com\/index.php?rest_route=%2Fwp%2Fv2%2Fmedia&parent=37762"}],"wp:term":[{"taxonomy":"product_brand","embeddable":true,"href":"https:\/\/www.deporteseli.com\/index.php?rest_route=%2Fwp%2Fv2%2Fproduct_brand&post=37762"},{"taxonomy":"product_cat","embeddable":true,"href":"https:\/\/www.deporteseli.com\/index.php?rest_route=%2Fwp%2Fv2%2Fproduct_cat&post=37762"},{"taxonomy":"product_tag","embeddable":true,"href":"https:\/\/www.deporteseli.com\/index.php?rest_route=%2Fwp%2Fv2%2Fproduct_tag&post=37762"}],"curies":[{"name":"wp","href":"https:\/\/api.w.org\/{rel}","templated":true}]}}