{"id":37759,"date":"2026-01-27T17:52:24","date_gmt":"2026-01-27T17:52:24","guid":{"rendered":"https:\/\/www.deporteseli.com\/?product=adidas-w-lin-ft-c-pt"},"modified":"2026-01-27T17:52:27","modified_gmt":"2026-01-27T17:52:27","slug":"adidas-w-lin-ft-c-pt","status":"publish","type":"product","link":"https:\/\/www.deporteseli.com\/?product=adidas-w-lin-ft-c-pt","title":{"rendered":"ADIDAS W LIN FT C PT"},"content":{"rendered":"<p>adidas W Lin Ft C Pt  Un ajuste ce\u00f1ido y dobladillos con pu\u00f1os le dan a estos pantalones deportivos adidas una sensaci\u00f3n m\u00e1s entallada. Ya sea que se adapte a una carrera o simplemente corra por la ciudad, le brindan una apariencia deportiva que est\u00e1 a la altura. Los detalles gr\u00e1ficos destacan el legado de la marca sin ser llamativos. Este producto est\u00e1 hecho con contenido reciclado como parte de nuestra ambici\u00f3n de terminar con los desechos pl\u00e1sticos.      Caracter\u00edsticas  \u2022 Este modelo mide 1,72 cm y lleva una talla S. Su pecho mide 84 cm y la cintura 70 cm.    \u2022 Ajustado    \u2022 Cord\u00f3n en la cintura el\u00e1stica    \u2022 53 % algod\u00f3n, 36 % poli\u00e9ster reciclado, 11 % felpa francesa de viscosa    \u2022 Bolsillos laterales    \u2022 Color beige                                                                                                                                                                                                                                                                                                                                                                                                                                                                                                                                                                                                                                                                                                                                                                                                                                                                                                                                                                                                                                        <\/p>\n","protected":false},"excerpt":{"rendered":"<p>ADIDAS W LIN FT C PT<\/p>\n","protected":false},"featured_media":52195,"template":"","meta":[],"product_brand":[],"product_cat":[278],"product_tag":[18],"class_list":{"0":"post-37759","1":"product","2":"type-product","3":"status-publish","4":"has-post-thumbnail","6":"product_cat-mujer_textil_pantalones","7":"product_tag-adidas","8":"pa_color-unico","9":"pa_talla-m","10":"pa_talla-s","11":"thunk-woo-product-list","12":"opn-qv-enable","13":"open-woo-hover-","14":"open-single-product-tab-horizontal","15":"open-shadow-","16":"open-shadow-hover-","18":"first","19":"instock","20":"shipping-taxable","21":"purchasable","22":"product-type-variable"},"jetpack_sharing_enabled":true,"_links":{"self":[{"href":"https:\/\/www.deporteseli.com\/index.php?rest_route=\/wp\/v2\/product\/37759","targetHints":{"allow":["GET"]}}],"collection":[{"href":"https:\/\/www.deporteseli.com\/index.php?rest_route=\/wp\/v2\/product"}],"about":[{"href":"https:\/\/www.deporteseli.com\/index.php?rest_route=\/wp\/v2\/types\/product"}],"wp:featuredmedia":[{"embeddable":true,"href":"https:\/\/www.deporteseli.com\/index.php?rest_route=\/wp\/v2\/media\/52195"}],"wp:attachment":[{"href":"https:\/\/www.deporteseli.com\/index.php?rest_route=%2Fwp%2Fv2%2Fmedia&parent=37759"}],"wp:term":[{"taxonomy":"product_brand","embeddable":true,"href":"https:\/\/www.deporteseli.com\/index.php?rest_route=%2Fwp%2Fv2%2Fproduct_brand&post=37759"},{"taxonomy":"product_cat","embeddable":true,"href":"https:\/\/www.deporteseli.com\/index.php?rest_route=%2Fwp%2Fv2%2Fproduct_cat&post=37759"},{"taxonomy":"product_tag","embeddable":true,"href":"https:\/\/www.deporteseli.com\/index.php?rest_route=%2Fwp%2Fv2%2Fproduct_tag&post=37759"}],"curies":[{"name":"wp","href":"https:\/\/api.w.org\/{rel}","templated":true}]}}