{"id":37755,"date":"2026-01-27T17:52:18","date_gmt":"2026-01-27T17:52:18","guid":{"rendered":"https:\/\/www.deporteseli.com\/?product=sudadera-puma-power"},"modified":"2026-01-27T17:52:20","modified_gmt":"2026-01-27T17:52:20","slug":"sudadera-puma-power","status":"publish","type":"product","link":"https:\/\/www.deporteseli.com\/?product=sudadera-puma-power","title":{"rendered":"SUDADERA PUMA POWER"},"content":{"rendered":"<p>Esta sudadera con capucha Power Color Block cumple todos los requisitos cuando se trata de frescura, comodidad y versatilidad. El ajuste holgado es s\u00faper c\u00f3modo y f\u00e1cil de usar, mientras que las llamativas marcas en las mangas y el pecho le dan los toques finales a un cl\u00e1sico urbano de todos los tiempos. Algod\u00f3n: el algod\u00f3n en los productos PUMA proviene de granjas que se enfocan en la agricultura sostenible, como la eficiencia del agua y la protecci\u00f3n de la salud del suelo. M\u00e1s informaci\u00f3n: https:\/\/about.puma.com\/forever-better. Contenido reciclado: Fabricado con al menos un 20 % de material reciclado como un paso hacia un futuro mejor. Forma relajada. Ribetes en contraste alrededor del pecho y tachuelas en contraste en los bolsillos. Capucha con forro de jersey. Bolsillo canguro. Estampado de goma PUMA Wordmark en las mangas. Logotipo de PUMA n.\u00ba 1 estampado en caucho en el lado izquierdo del pecho.                                                                                                                                                                                                                                                                                                                                                                                                                                                                                                                                                                                                                                                                                                                                                                                                                                                                                                                                                                                                                                        <\/p>\n","protected":false},"excerpt":{"rendered":"<p>SUDADERA PUMA POWER<\/p>\n","protected":false},"featured_media":52189,"template":"","meta":[],"product_brand":[],"product_cat":[302],"product_tag":[32],"class_list":{"0":"post-37755","1":"product","2":"type-product","3":"status-publish","4":"has-post-thumbnail","6":"product_cat-nino_textil_sudaderas","7":"product_tag-puma","8":"pa_color-unico","9":"pa_talla-t-8","10":"thunk-woo-product-list","11":"opn-qv-enable","12":"open-woo-hover-","13":"open-single-product-tab-horizontal","14":"open-shadow-","15":"open-shadow-hover-","17":"first","18":"instock","19":"shipping-taxable","20":"purchasable","21":"product-type-variable"},"jetpack_sharing_enabled":true,"_links":{"self":[{"href":"https:\/\/www.deporteseli.com\/index.php?rest_route=\/wp\/v2\/product\/37755","targetHints":{"allow":["GET"]}}],"collection":[{"href":"https:\/\/www.deporteseli.com\/index.php?rest_route=\/wp\/v2\/product"}],"about":[{"href":"https:\/\/www.deporteseli.com\/index.php?rest_route=\/wp\/v2\/types\/product"}],"wp:featuredmedia":[{"embeddable":true,"href":"https:\/\/www.deporteseli.com\/index.php?rest_route=\/wp\/v2\/media\/52189"}],"wp:attachment":[{"href":"https:\/\/www.deporteseli.com\/index.php?rest_route=%2Fwp%2Fv2%2Fmedia&parent=37755"}],"wp:term":[{"taxonomy":"product_brand","embeddable":true,"href":"https:\/\/www.deporteseli.com\/index.php?rest_route=%2Fwp%2Fv2%2Fproduct_brand&post=37755"},{"taxonomy":"product_cat","embeddable":true,"href":"https:\/\/www.deporteseli.com\/index.php?rest_route=%2Fwp%2Fv2%2Fproduct_cat&post=37755"},{"taxonomy":"product_tag","embeddable":true,"href":"https:\/\/www.deporteseli.com\/index.php?rest_route=%2Fwp%2Fv2%2Fproduct_tag&post=37755"}],"curies":[{"name":"wp","href":"https:\/\/api.w.org\/{rel}","templated":true}]}}