{"id":37753,"date":"2026-01-27T17:52:14","date_gmt":"2026-01-27T17:52:14","guid":{"rendered":"https:\/\/www.deporteseli.com\/?product=sudadera-wilson-bela-po-hoody-slimfit-blue"},"modified":"2026-01-27T17:52:15","modified_gmt":"2026-01-27T17:52:15","slug":"sudadera-wilson-bela-po-hoody-slimfit-blue","status":"publish","type":"product","link":"https:\/\/www.deporteseli.com\/?product=sudadera-wilson-bela-po-hoody-slimfit-blue","title":{"rendered":"SUDADERA WILSON BELA PO HOODY &#8211; SLIMFIT BLUE"},"content":{"rendered":"<p>Wilson Bela Po Hoody &#8211; Slimfit  El detalle de punto acanalado en la cintura y los pu\u00f1os de las mangas proporciona un bonito contraste, mientras que la firma de Bela se combina con el logotipo de Wilson en la parte delantera del pecho en un bordado de sat\u00e9n resistente.    Su composici\u00f3n de algod\u00f3n org\u00e1nico apoya la conservaci\u00f3n del agua, un aire m\u00e1s limpio y un suelo m\u00e1s saludable a trav\u00e9s de una producci\u00f3n ecol\u00f3gica.    Hoody presenta un corte m\u00e1s delgado y atl\u00e9tico que ofrece un ajuste m\u00e1s c\u00f3modo para muchos jugadores de p\u00e1del.      &#8211; Estar\u00e1s protegido antes y despu\u00e9s de tus partidos y calentamientos.  &#8211; Destaca por su dise\u00f1o moderno y atrevido que incorpora capucha, cordones ajustables y bolsillo canguro en la parte delantera.  &#8211; Pu\u00f1os y dobladillo acanalados  &#8211; Logo de Wilson en el pecho.     Composici\u00f3n: 95% algod\u00f3n, 5% Elastane  SpandexColores: Azul y logo en naranja                                                                                                                                                                                                                                                                                                                                                                                                                                                                                                                                                                                                                                                                                                                                                                                                                                                                                                                                                                                                                                        <\/p>\n","protected":false},"excerpt":{"rendered":"<p>SUDADERA WILSON BELA PO HOODY &#8211; SLIMFIT BLUE<\/p>\n","protected":false},"featured_media":52185,"template":"","meta":[],"product_brand":[],"product_cat":[368],"product_tag":[57],"class_list":{"0":"post-37753","1":"product","2":"type-product","3":"status-publish","4":"has-post-thumbnail","6":"product_cat-padel_y_tenis_textil_sudaderas","7":"product_tag-wilson","8":"pa_color-unico","9":"pa_talla-s","10":"thunk-woo-product-list","11":"opn-qv-enable","12":"open-woo-hover-","13":"open-single-product-tab-horizontal","14":"open-shadow-","15":"open-shadow-hover-","17":"first","18":"instock","19":"shipping-taxable","20":"purchasable","21":"product-type-variable"},"jetpack_sharing_enabled":true,"_links":{"self":[{"href":"https:\/\/www.deporteseli.com\/index.php?rest_route=\/wp\/v2\/product\/37753","targetHints":{"allow":["GET"]}}],"collection":[{"href":"https:\/\/www.deporteseli.com\/index.php?rest_route=\/wp\/v2\/product"}],"about":[{"href":"https:\/\/www.deporteseli.com\/index.php?rest_route=\/wp\/v2\/types\/product"}],"wp:featuredmedia":[{"embeddable":true,"href":"https:\/\/www.deporteseli.com\/index.php?rest_route=\/wp\/v2\/media\/52185"}],"wp:attachment":[{"href":"https:\/\/www.deporteseli.com\/index.php?rest_route=%2Fwp%2Fv2%2Fmedia&parent=37753"}],"wp:term":[{"taxonomy":"product_brand","embeddable":true,"href":"https:\/\/www.deporteseli.com\/index.php?rest_route=%2Fwp%2Fv2%2Fproduct_brand&post=37753"},{"taxonomy":"product_cat","embeddable":true,"href":"https:\/\/www.deporteseli.com\/index.php?rest_route=%2Fwp%2Fv2%2Fproduct_cat&post=37753"},{"taxonomy":"product_tag","embeddable":true,"href":"https:\/\/www.deporteseli.com\/index.php?rest_route=%2Fwp%2Fv2%2Fproduct_tag&post=37753"}],"curies":[{"name":"wp","href":"https:\/\/api.w.org\/{rel}","templated":true}]}}