{"id":37733,"date":"2026-01-27T17:51:42","date_gmt":"2026-01-27T17:51:42","guid":{"rendered":"https:\/\/www.deporteseli.com\/?product=sudadera-doorbuster-reebok-identity"},"modified":"2026-01-27T17:51:44","modified_gmt":"2026-01-27T17:51:44","slug":"sudadera-doorbuster-reebok-identity","status":"publish","type":"product","link":"https:\/\/www.deporteseli.com\/?product=sudadera-doorbuster-reebok-identity","title":{"rendered":"SUDADERA DOORBUSTER REEBOK IDENTITY"},"content":{"rendered":"<p>UNA SUDADERA DE CORTE HOLGADO QUE PUEDES PONERTE EN CUALQUIER MOMENTO DEL D\u00cdA.  Cuando relajarte entra en tus planes, nada mejor que esta sudadera para mujer. Est\u00e1 confeccionada con c\u00f3moda felpa de mezcla de algod\u00f3n y cuenta con un corte holgado perfecto tanto para estirarte en el sof\u00e1 como para estirar las piernas en el parque. El logo Reebok Vector en el pecho le infunde un toque deportivo.  Corte holgado.  Felpa 70 % algod\u00f3n \/ 30 % poli\u00e9ster reciclado.  Capucha con cord\u00f3n ajustable.  Bolsillo canguro.  Pu\u00f1os y dobladillo de canal\u00e9.  Color del art\u00edculo: Black  N\u00famero de art\u00edculo: HR8311                                                                                                                                                                                                                                                                                                                                                                                                                                                                                                                                                                                                                                                                                                                                                                                                                                                                                                                                                                                                                                        <\/p>\n","protected":false},"excerpt":{"rendered":"<p>SUDADERA DOORBUSTER REEBOK IDENTITY<\/p>\n","protected":false},"featured_media":52170,"template":"","meta":[],"product_brand":[],"product_cat":[279],"product_tag":[41],"class_list":{"0":"post-37733","1":"product","2":"type-product","3":"status-publish","4":"has-post-thumbnail","6":"product_cat-mujer_textil_sudaderas","7":"product_tag-reebok","8":"pa_color-unico","9":"pa_talla-l","10":"thunk-woo-product-list","11":"opn-qv-enable","12":"open-woo-hover-","13":"open-single-product-tab-horizontal","14":"open-shadow-","15":"open-shadow-hover-","17":"first","18":"instock","19":"shipping-taxable","20":"purchasable","21":"product-type-variable"},"jetpack_sharing_enabled":true,"_links":{"self":[{"href":"https:\/\/www.deporteseli.com\/index.php?rest_route=\/wp\/v2\/product\/37733","targetHints":{"allow":["GET"]}}],"collection":[{"href":"https:\/\/www.deporteseli.com\/index.php?rest_route=\/wp\/v2\/product"}],"about":[{"href":"https:\/\/www.deporteseli.com\/index.php?rest_route=\/wp\/v2\/types\/product"}],"wp:featuredmedia":[{"embeddable":true,"href":"https:\/\/www.deporteseli.com\/index.php?rest_route=\/wp\/v2\/media\/52170"}],"wp:attachment":[{"href":"https:\/\/www.deporteseli.com\/index.php?rest_route=%2Fwp%2Fv2%2Fmedia&parent=37733"}],"wp:term":[{"taxonomy":"product_brand","embeddable":true,"href":"https:\/\/www.deporteseli.com\/index.php?rest_route=%2Fwp%2Fv2%2Fproduct_brand&post=37733"},{"taxonomy":"product_cat","embeddable":true,"href":"https:\/\/www.deporteseli.com\/index.php?rest_route=%2Fwp%2Fv2%2Fproduct_cat&post=37733"},{"taxonomy":"product_tag","embeddable":true,"href":"https:\/\/www.deporteseli.com\/index.php?rest_route=%2Fwp%2Fv2%2Fproduct_tag&post=37733"}],"curies":[{"name":"wp","href":"https:\/\/api.w.org\/{rel}","templated":true}]}}