{"id":37730,"date":"2026-01-27T17:51:38","date_gmt":"2026-01-27T17:51:38","guid":{"rendered":"https:\/\/www.deporteseli.com\/?product=zapatillas-para-ninos-reebok-xt-sprinter-2"},"modified":"2026-02-12T19:28:01","modified_gmt":"2026-02-12T19:28:01","slug":"zapatillas-para-ninos-reebok-xt-sprinter-2","status":"publish","type":"product","link":"https:\/\/www.deporteseli.com\/?product=zapatillas-para-ninos-reebok-xt-sprinter-2","title":{"rendered":"ZAPATILLAS PARA NI\u00f1OS REEBOK XT SPRINTER 2"},"content":{"rendered":"<p>Zapatillas para ni\u00f1os Reebok XT Sprinter 2  Atr\u00e1palo si puedes. Tu hijo est\u00e1 en movimiento, y estas zapatillas para ni\u00f1os de Reebok le dan el apoyo que necesita para jugar duro todo el d\u00eda. La parte superior de cuero resiste el desgaste y la suela de goma de gran agarre le proporciona una s\u00f3lida tracci\u00f3n para todas sus aventuras.  Marca : Reebok  Referencia del proveedor : GW1232  Color : azul  Color dominante : azul  Como : Hombre  Edad : ni\u00f1o  Rango : N\/D  Escriba : N\/D  Equipo : N\/D                                                                                                                                                                                                                                                                                                                                                                                                                                                                                                                                                                                                                                                                                                                                                                                                                                                                                                                                                                                                                                        <\/p>\n","protected":false},"excerpt":{"rendered":"<p>ZAPATILLAS PARA NI\u00f1OS REEBOK XT SPRINTER 2<\/p>\n","protected":false},"featured_media":52165,"template":"","meta":[],"product_brand":[],"product_cat":[237],"product_tag":[41],"class_list":{"0":"post-37730","1":"product","2":"type-product","3":"status-publish","4":"has-post-thumbnail","6":"product_cat-outlet_calzado","7":"product_tag-reebok","8":"pa_color-unico","9":"pa_talla-123","10":"pa_talla-125","11":"thunk-woo-product-list","12":"opn-qv-enable","13":"open-woo-hover-","14":"open-single-product-tab-horizontal","15":"open-shadow-","16":"open-shadow-hover-","18":"first","19":"instock","20":"shipping-taxable","21":"purchasable","22":"product-type-variable"},"jetpack_sharing_enabled":true,"_links":{"self":[{"href":"https:\/\/www.deporteseli.com\/index.php?rest_route=\/wp\/v2\/product\/37730","targetHints":{"allow":["GET"]}}],"collection":[{"href":"https:\/\/www.deporteseli.com\/index.php?rest_route=\/wp\/v2\/product"}],"about":[{"href":"https:\/\/www.deporteseli.com\/index.php?rest_route=\/wp\/v2\/types\/product"}],"wp:featuredmedia":[{"embeddable":true,"href":"https:\/\/www.deporteseli.com\/index.php?rest_route=\/wp\/v2\/media\/52165"}],"wp:attachment":[{"href":"https:\/\/www.deporteseli.com\/index.php?rest_route=%2Fwp%2Fv2%2Fmedia&parent=37730"}],"wp:term":[{"taxonomy":"product_brand","embeddable":true,"href":"https:\/\/www.deporteseli.com\/index.php?rest_route=%2Fwp%2Fv2%2Fproduct_brand&post=37730"},{"taxonomy":"product_cat","embeddable":true,"href":"https:\/\/www.deporteseli.com\/index.php?rest_route=%2Fwp%2Fv2%2Fproduct_cat&post=37730"},{"taxonomy":"product_tag","embeddable":true,"href":"https:\/\/www.deporteseli.com\/index.php?rest_route=%2Fwp%2Fv2%2Fproduct_tag&post=37730"}],"curies":[{"name":"wp","href":"https:\/\/api.w.org\/{rel}","templated":true}]}}