{"id":37724,"date":"2026-01-27T17:51:24","date_gmt":"2026-01-27T17:51:24","guid":{"rendered":"https:\/\/www.deporteseli.com\/?product=zapatilla-hoops"},"modified":"2026-01-27T17:51:27","modified_gmt":"2026-01-27T17:51:27","slug":"zapatilla-hoops","status":"publish","type":"product","link":"https:\/\/www.deporteseli.com\/?product=zapatilla-hoops","title":{"rendered":"ZAPATILLA HOOPS"},"content":{"rendered":"<p>INSPIRACI\u00d3N DEPORTIVA PARA PEQUES IMPARABLES  El estilo de las canchas se adue\u00f1a del armario de tu peque. Esta zapatilla adidas adapta la sujeci\u00f3n y estabilidad del calzado de b\u00e1squet para su d\u00eda a d\u00eda. Presenta una ligera parte superior de piel sint\u00e9tica que le aporta un toque elegante sin a\u00f1adir peso innecesario a su pisada.  Horma cl\u00e1sica  Cierre de velcro  Parte superior de piel sint\u00e9tica  Forro textil  Mediasuela con amortiguaci\u00f3n para una pisada m\u00e1s c\u00f3moda  Suela de goma  Color del art\u00edculo: Cloud White \/ Cloud White \/ Cloud White  N\u00famero de art\u00edculo: GW0436                                                                                                                                                                                                                                                                                                                                                                                                                                                                                                                                                                                                                                                                                                                                                                                                                                                                                                                                                                                                                                        <\/p>\n","protected":false},"excerpt":{"rendered":"<p>ZAPATILLA HOOPS<\/p>\n","protected":false},"featured_media":52156,"template":"","meta":[],"product_brand":[],"product_cat":[310],"product_tag":[18],"class_list":{"0":"post-37724","1":"product","2":"type-product","3":"status-publish","4":"has-post-thumbnail","6":"product_cat-nino_calzado_casual","7":"product_tag-adidas","8":"pa_color-unico","9":"pa_talla-127","10":"thunk-woo-product-list","11":"opn-qv-enable","12":"open-woo-hover-","13":"open-single-product-tab-horizontal","14":"open-shadow-","15":"open-shadow-hover-","17":"first","18":"instock","19":"sale","20":"shipping-taxable","21":"purchasable","22":"product-type-variable"},"jetpack_sharing_enabled":true,"_links":{"self":[{"href":"https:\/\/www.deporteseli.com\/index.php?rest_route=\/wp\/v2\/product\/37724","targetHints":{"allow":["GET"]}}],"collection":[{"href":"https:\/\/www.deporteseli.com\/index.php?rest_route=\/wp\/v2\/product"}],"about":[{"href":"https:\/\/www.deporteseli.com\/index.php?rest_route=\/wp\/v2\/types\/product"}],"wp:featuredmedia":[{"embeddable":true,"href":"https:\/\/www.deporteseli.com\/index.php?rest_route=\/wp\/v2\/media\/52156"}],"wp:attachment":[{"href":"https:\/\/www.deporteseli.com\/index.php?rest_route=%2Fwp%2Fv2%2Fmedia&parent=37724"}],"wp:term":[{"taxonomy":"product_brand","embeddable":true,"href":"https:\/\/www.deporteseli.com\/index.php?rest_route=%2Fwp%2Fv2%2Fproduct_brand&post=37724"},{"taxonomy":"product_cat","embeddable":true,"href":"https:\/\/www.deporteseli.com\/index.php?rest_route=%2Fwp%2Fv2%2Fproduct_cat&post=37724"},{"taxonomy":"product_tag","embeddable":true,"href":"https:\/\/www.deporteseli.com\/index.php?rest_route=%2Fwp%2Fv2%2Fproduct_tag&post=37724"}],"curies":[{"name":"wp","href":"https:\/\/api.w.org\/{rel}","templated":true}]}}