{"id":37716,"date":"2026-01-27T17:51:09","date_gmt":"2026-01-27T17:51:09","guid":{"rendered":"https:\/\/www.deporteseli.com\/?product=leggings-de-3-rayas-para-mujer-adidas-loungew"},"modified":"2026-04-08T04:17:20","modified_gmt":"2026-04-08T04:17:20","slug":"leggings-de-3-rayas-para-mujer-adidas-loungew","status":"publish","type":"product","link":"https:\/\/www.deporteseli.com\/?product=leggings-de-3-rayas-para-mujer-adidas-loungew","title":{"rendered":"LEGGINGS DE 3 RAYAS PARA MUJER ADIDAS LOUNGEW"},"content":{"rendered":"<p>Leggings de 3 rayas para mujer adidas Loungewear Essentials  La versatilidad cotidiana se une al estilo cl\u00e1sico. Estos leggings adidas tienen un aspecto deportivo distintivo con 3 rayas y una insignia deportiva en la cadera. El\u00e1sticas y c\u00f3modas, estas mallas est\u00e1n hechas de suave algod\u00f3n.Nuestros productos de algod\u00f3n apoyan el cultivo sostenible del algod\u00f3n. Nuestros productos de algod\u00f3n apoyan el cultivo sostenible del algod\u00f3n, que forma parte de nuestra ambici\u00f3n de acabar con los residuos de pl\u00e1stico. Ajuste estrecho                                                                                                                                                                                                                                                                                                                                                                                                                                                                                                                                                                                                                                                                                                                                                                                                                                                                                                                                                                                                                                        <\/p>\n","protected":false},"excerpt":{"rendered":"<p>LEGGINGS DE 3 RAYAS PARA MUJER ADIDAS LOUNGEW<\/p>\n","protected":false},"featured_media":52151,"template":"","meta":[],"product_brand":[],"product_cat":[281],"product_tag":[18],"class_list":{"0":"post-37716","1":"product","2":"type-product","3":"status-publish","4":"has-post-thumbnail","6":"product_cat-mujer_textil_mallas","7":"product_tag-adidas","8":"pa_color-unico","9":"pa_talla-l","10":"pa_talla-m","11":"pa_talla-s","12":"thunk-woo-product-list","13":"opn-qv-enable","14":"open-woo-hover-","15":"open-single-product-tab-horizontal","16":"open-shadow-","17":"open-shadow-hover-","19":"first","20":"instock","21":"shipping-taxable","22":"purchasable","23":"product-type-variable"},"jetpack_sharing_enabled":true,"_links":{"self":[{"href":"https:\/\/www.deporteseli.com\/index.php?rest_route=\/wp\/v2\/product\/37716","targetHints":{"allow":["GET"]}}],"collection":[{"href":"https:\/\/www.deporteseli.com\/index.php?rest_route=\/wp\/v2\/product"}],"about":[{"href":"https:\/\/www.deporteseli.com\/index.php?rest_route=\/wp\/v2\/types\/product"}],"wp:featuredmedia":[{"embeddable":true,"href":"https:\/\/www.deporteseli.com\/index.php?rest_route=\/wp\/v2\/media\/52151"}],"wp:attachment":[{"href":"https:\/\/www.deporteseli.com\/index.php?rest_route=%2Fwp%2Fv2%2Fmedia&parent=37716"}],"wp:term":[{"taxonomy":"product_brand","embeddable":true,"href":"https:\/\/www.deporteseli.com\/index.php?rest_route=%2Fwp%2Fv2%2Fproduct_brand&post=37716"},{"taxonomy":"product_cat","embeddable":true,"href":"https:\/\/www.deporteseli.com\/index.php?rest_route=%2Fwp%2Fv2%2Fproduct_cat&post=37716"},{"taxonomy":"product_tag","embeddable":true,"href":"https:\/\/www.deporteseli.com\/index.php?rest_route=%2Fwp%2Fv2%2Fproduct_tag&post=37716"}],"curies":[{"name":"wp","href":"https:\/\/api.w.org\/{rel}","templated":true}]}}