{"id":37712,"date":"2026-01-27T17:51:03","date_gmt":"2026-01-27T17:51:03","guid":{"rendered":"https:\/\/www.deporteseli.com\/?product=veneno-12k"},"modified":"2026-01-27T17:51:05","modified_gmt":"2026-01-27T17:51:05","slug":"veneno-12k","status":"publish","type":"product","link":"https:\/\/www.deporteseli.com\/?product=veneno-12k","title":{"rendered":"VENENO 12K"},"content":{"rendered":"<p>Veneno 12K creada con una Forma Diamante con un punto dulce alto, para que obtengas la mejor Potencia de Golpeo en Smash o Bandejas.    Gracias a su N\u00facleo DARK EVA C2 conseguir\u00e1s una sensaci\u00f3n de Golpeo Superior con potencia Sobresaliente.    La Construcci\u00f3n de Veneno 12K es totalmente en Carbono tanto en el Marco como en los Planos.    Superficie Rugosa en Ambas Caras para conseguir m\u00e1s y mejores efectos durante el goleo.                                                                                                                                                                                                                                                                                                                                                                                                                                                                                                                                                                                                                                                                                                                                                                                                                                                                                                                                                                                                                                        <\/p>\n","protected":false},"excerpt":{"rendered":"<p>VENENO 12K<\/p>\n","protected":false},"featured_media":52146,"template":"","meta":[],"product_brand":[],"product_cat":[353],"product_tag":[],"class_list":{"0":"post-37712","1":"product","2":"type-product","3":"status-publish","4":"has-post-thumbnail","6":"product_cat-padel_y_tenis_palas","7":"pa_color-unico","8":"pa_talla-unica","9":"thunk-woo-product-list","10":"opn-qv-enable","11":"open-woo-hover-","12":"open-single-product-tab-horizontal","13":"open-shadow-","14":"open-shadow-hover-","16":"first","17":"instock","18":"sale","19":"shipping-taxable","20":"purchasable","21":"product-type-variable"},"jetpack_sharing_enabled":true,"_links":{"self":[{"href":"https:\/\/www.deporteseli.com\/index.php?rest_route=\/wp\/v2\/product\/37712","targetHints":{"allow":["GET"]}}],"collection":[{"href":"https:\/\/www.deporteseli.com\/index.php?rest_route=\/wp\/v2\/product"}],"about":[{"href":"https:\/\/www.deporteseli.com\/index.php?rest_route=\/wp\/v2\/types\/product"}],"wp:featuredmedia":[{"embeddable":true,"href":"https:\/\/www.deporteseli.com\/index.php?rest_route=\/wp\/v2\/media\/52146"}],"wp:attachment":[{"href":"https:\/\/www.deporteseli.com\/index.php?rest_route=%2Fwp%2Fv2%2Fmedia&parent=37712"}],"wp:term":[{"taxonomy":"product_brand","embeddable":true,"href":"https:\/\/www.deporteseli.com\/index.php?rest_route=%2Fwp%2Fv2%2Fproduct_brand&post=37712"},{"taxonomy":"product_cat","embeddable":true,"href":"https:\/\/www.deporteseli.com\/index.php?rest_route=%2Fwp%2Fv2%2Fproduct_cat&post=37712"},{"taxonomy":"product_tag","embeddable":true,"href":"https:\/\/www.deporteseli.com\/index.php?rest_route=%2Fwp%2Fv2%2Fproduct_tag&post=37712"}],"curies":[{"name":"wp","href":"https:\/\/api.w.org\/{rel}","templated":true}]}}