{"id":37709,"date":"2026-01-27T17:50:57","date_gmt":"2026-01-27T17:50:57","guid":{"rendered":"https:\/\/www.deporteseli.com\/?product=zapatillas-de-running-para-mujer-asics-gel-ve"},"modified":"2026-01-27T17:51:01","modified_gmt":"2026-01-27T17:51:01","slug":"zapatillas-de-running-para-mujer-asics-gel-ve","status":"publish","type":"product","link":"https:\/\/www.deporteseli.com\/?product=zapatillas-de-running-para-mujer-asics-gel-ve","title":{"rendered":"ZAPATILLAS DE RUNNING PARA MUJER ASICS GEL-VE"},"content":{"rendered":"<p>Zapatillas de running para mujer Asics Gel-Venture 8  La zapatilla de running GEL-VENTURE\u2122 8 est\u00e1 dise\u00f1ada para la vida al aire libre. Esta zapatilla vers\u00e1til es ideal para el trail running, el senderismo o los paseos por la ciudad. Este modelo se ha actualizado con un ajuste m\u00e1s acomodado en el antepi\u00e9 y menos superposiciones alrededor del mismo, sin sacrificar la durabilidad. Por \u00faltimo, la suela es m\u00e1s duradera gracias al patr\u00f3n antideslizante mejorado con tacos mejorados bajo el tal\u00f3n. Todos estos cambios hacen que la nueva zapatilla GEL-VENTURE\u2122 8 sea una gran compa\u00f1era para tu pr\u00f3xima aventura.Estilo:1012A708.300Pronaci\u00f3n neutraTipo de pieArco de tama\u00f1o normalPropulsi\u00f3nHay una distribuci\u00f3n uniforme desde la parte delantera del pie.Puntos de impacto en el sueloEl pie aterriza en la parte exterior del tal\u00f3n y luego rueda demasiado hacia dentro (pronaci\u00f3n) para absorber el impacto y soportar el peso del cuerpo.                                                                                                                                                                                                                                                                                                                                                                                                                                                                                                                                                                                                                                                                                                                                                                                                                                                                                                                                                                                                                                        <\/p>\n","protected":false},"excerpt":{"rendered":"<p>ZAPATILLAS DE RUNNING PARA MUJER ASICS GEL-VE<\/p>\n","protected":false},"featured_media":52141,"template":"","meta":[],"product_brand":[],"product_cat":[286],"product_tag":[19],"class_list":{"0":"post-37709","1":"product","2":"type-product","3":"status-publish","4":"has-post-thumbnail","6":"product_cat-mujer_calzado_trail","7":"product_tag-asics","8":"pa_color-unico","9":"pa_talla-143","10":"pa_talla-145","11":"thunk-woo-product-list","12":"opn-qv-enable","13":"open-woo-hover-","14":"open-single-product-tab-horizontal","15":"open-shadow-","16":"open-shadow-hover-","18":"first","19":"instock","20":"sale","21":"shipping-taxable","22":"purchasable","23":"product-type-variable"},"jetpack_sharing_enabled":true,"_links":{"self":[{"href":"https:\/\/www.deporteseli.com\/index.php?rest_route=\/wp\/v2\/product\/37709","targetHints":{"allow":["GET"]}}],"collection":[{"href":"https:\/\/www.deporteseli.com\/index.php?rest_route=\/wp\/v2\/product"}],"about":[{"href":"https:\/\/www.deporteseli.com\/index.php?rest_route=\/wp\/v2\/types\/product"}],"wp:featuredmedia":[{"embeddable":true,"href":"https:\/\/www.deporteseli.com\/index.php?rest_route=\/wp\/v2\/media\/52141"}],"wp:attachment":[{"href":"https:\/\/www.deporteseli.com\/index.php?rest_route=%2Fwp%2Fv2%2Fmedia&parent=37709"}],"wp:term":[{"taxonomy":"product_brand","embeddable":true,"href":"https:\/\/www.deporteseli.com\/index.php?rest_route=%2Fwp%2Fv2%2Fproduct_brand&post=37709"},{"taxonomy":"product_cat","embeddable":true,"href":"https:\/\/www.deporteseli.com\/index.php?rest_route=%2Fwp%2Fv2%2Fproduct_cat&post=37709"},{"taxonomy":"product_tag","embeddable":true,"href":"https:\/\/www.deporteseli.com\/index.php?rest_route=%2Fwp%2Fv2%2Fproduct_tag&post=37709"}],"curies":[{"name":"wp","href":"https:\/\/api.w.org\/{rel}","templated":true}]}}