{"id":37705,"date":"2026-01-27T17:50:52","date_gmt":"2026-01-27T17:50:52","guid":{"rendered":"https:\/\/www.deporteseli.com\/?product=conjunto-de-bandas-de-resistencia-de-cadera"},"modified":"2026-01-27T17:50:54","modified_gmt":"2026-01-27T17:50:54","slug":"conjunto-de-bandas-de-resistencia-de-cadera","status":"publish","type":"product","link":"https:\/\/www.deporteseli.com\/?product=conjunto-de-bandas-de-resistencia-de-cadera","title":{"rendered":"CONJUNTO DE BANDAS DE RESISTENCIA DE CADERA"},"content":{"rendered":"<p>Las bandas de resistencia Rucanor est\u00e1n fabricadas con caucho ecol\u00f3gico y de alta calidad. Hay 3 tipos en el paquete seg\u00fan la dificultad. El paquete incluye una bolsa de goma e instrucciones de ejercicio. Puedes hacer ejercicio en cualquier lugar y en cualquier momento.    Dificultades f\u00e1cil, media, dif\u00edcil.   tratamiento antideslizante desde el interior de goma de resistencia  consistencia y portabilidad  la posibilidad de uso en varias decenas de ejercicios  adecuado tanto para mujeres como para hombres  8cm x 38cm  Desglose por color:    gris claro &#8211; baja resistencia  gris oscuro &#8211; resistencia media  negro \u2013 alta resistencia                                                                                                                                                                                                                                                                                                                                                                                                                                                                                                                                                                                                                                                                                                                                                                                                                                                                                                                                                                                                                                        <\/p>\n","protected":false},"excerpt":{"rendered":"<p>CONJUNTO DE BANDAS DE RESISTENCIA DE CADERA<\/p>\n","protected":false},"featured_media":52138,"template":"","meta":[],"product_brand":[],"product_cat":[344],"product_tag":[39],"class_list":{"0":"post-37705","1":"product","2":"type-product","3":"status-publish","4":"has-post-thumbnail","6":"product_cat-deportes_gimnasio_accesorios","7":"product_tag-rucanor","8":"pa_color-unico","9":"pa_talla-unica","10":"thunk-woo-product-list","11":"opn-qv-enable","12":"open-woo-hover-","13":"open-single-product-tab-horizontal","14":"open-shadow-","15":"open-shadow-hover-","17":"first","18":"instock","19":"shipping-taxable","20":"purchasable","21":"product-type-variable"},"jetpack_sharing_enabled":true,"_links":{"self":[{"href":"https:\/\/www.deporteseli.com\/index.php?rest_route=\/wp\/v2\/product\/37705","targetHints":{"allow":["GET"]}}],"collection":[{"href":"https:\/\/www.deporteseli.com\/index.php?rest_route=\/wp\/v2\/product"}],"about":[{"href":"https:\/\/www.deporteseli.com\/index.php?rest_route=\/wp\/v2\/types\/product"}],"wp:featuredmedia":[{"embeddable":true,"href":"https:\/\/www.deporteseli.com\/index.php?rest_route=\/wp\/v2\/media\/52138"}],"wp:attachment":[{"href":"https:\/\/www.deporteseli.com\/index.php?rest_route=%2Fwp%2Fv2%2Fmedia&parent=37705"}],"wp:term":[{"taxonomy":"product_brand","embeddable":true,"href":"https:\/\/www.deporteseli.com\/index.php?rest_route=%2Fwp%2Fv2%2Fproduct_brand&post=37705"},{"taxonomy":"product_cat","embeddable":true,"href":"https:\/\/www.deporteseli.com\/index.php?rest_route=%2Fwp%2Fv2%2Fproduct_cat&post=37705"},{"taxonomy":"product_tag","embeddable":true,"href":"https:\/\/www.deporteseli.com\/index.php?rest_route=%2Fwp%2Fv2%2Fproduct_tag&post=37705"}],"curies":[{"name":"wp","href":"https:\/\/api.w.org\/{rel}","templated":true}]}}