{"id":37699,"date":"2026-01-27T17:50:44","date_gmt":"2026-01-27T17:50:44","guid":{"rendered":"https:\/\/www.deporteseli.com\/?product=chaqueta-con-capucha-y-cremallera-con-bandas"},"modified":"2026-01-27T17:50:46","modified_gmt":"2026-01-27T17:50:46","slug":"chaqueta-con-capucha-y-cremallera-con-bandas","status":"publish","type":"product","link":"https:\/\/www.deporteseli.com\/?product=chaqueta-con-capucha-y-cremallera-con-bandas","title":{"rendered":"CHAQUETA CON CAPUCHA Y CREMALLERA CON BANDAS"},"content":{"rendered":"<p>Estos joggers masculinos, confeccionados en un tejido suave con unos bolsillos muy pr\u00e1cticos y detalles de cinta en contraste, a\u00f1adir\u00e1n un toque informal con mucho estilo a tu vestuario para el d\u00eda a d\u00eda.  DETALLES DEL PRODUCTO  Logotipo de la \u00abC\u00bb estampado en el muslo  Cinta de jacquard en los laterales  2 bolsillos delanteros  Cinturilla con cord\u00f3n el\u00e1stico y pu\u00f1os de canal\u00e9  Poli\u00e9ster tejido por urdimbre especial semimate de 200 g\/m2  100 % poli\u00e9ster                                                                                                                                                                                                                                                                                                                                                                                                                                                                                                                                                                                                                                                                                                                                                                                                                                                                                                                                                                                                                                        <\/p>\n","protected":false},"excerpt":{"rendered":"<p>CHAQUETA CON CAPUCHA Y CREMALLERA CON BANDAS<\/p>\n","protected":false},"featured_media":52134,"template":"","meta":[],"product_brand":[],"product_cat":[252],"product_tag":[51],"class_list":{"0":"post-37699","1":"product","2":"type-product","3":"status-publish","4":"has-post-thumbnail","6":"product_cat-hombre_textil_pantalones","7":"product_tag-champion","8":"pa_color-unico","9":"pa_talla-l","10":"pa_talla-s","11":"thunk-woo-product-list","12":"opn-qv-enable","13":"open-woo-hover-","14":"open-single-product-tab-horizontal","15":"open-shadow-","16":"open-shadow-hover-","18":"first","19":"instock","20":"shipping-taxable","21":"purchasable","22":"product-type-variable"},"jetpack_sharing_enabled":true,"_links":{"self":[{"href":"https:\/\/www.deporteseli.com\/index.php?rest_route=\/wp\/v2\/product\/37699","targetHints":{"allow":["GET"]}}],"collection":[{"href":"https:\/\/www.deporteseli.com\/index.php?rest_route=\/wp\/v2\/product"}],"about":[{"href":"https:\/\/www.deporteseli.com\/index.php?rest_route=\/wp\/v2\/types\/product"}],"wp:featuredmedia":[{"embeddable":true,"href":"https:\/\/www.deporteseli.com\/index.php?rest_route=\/wp\/v2\/media\/52134"}],"wp:attachment":[{"href":"https:\/\/www.deporteseli.com\/index.php?rest_route=%2Fwp%2Fv2%2Fmedia&parent=37699"}],"wp:term":[{"taxonomy":"product_brand","embeddable":true,"href":"https:\/\/www.deporteseli.com\/index.php?rest_route=%2Fwp%2Fv2%2Fproduct_brand&post=37699"},{"taxonomy":"product_cat","embeddable":true,"href":"https:\/\/www.deporteseli.com\/index.php?rest_route=%2Fwp%2Fv2%2Fproduct_cat&post=37699"},{"taxonomy":"product_tag","embeddable":true,"href":"https:\/\/www.deporteseli.com\/index.php?rest_route=%2Fwp%2Fv2%2Fproduct_tag&post=37699"}],"curies":[{"name":"wp","href":"https:\/\/api.w.org\/{rel}","templated":true}]}}