{"id":37697,"date":"2026-01-27T17:50:41","date_gmt":"2026-01-27T17:50:41","guid":{"rendered":"https:\/\/www.deporteseli.com\/?product=pantalon-deportivo-con-punos-de-felpa-con-el"},"modified":"2026-01-27T17:50:43","modified_gmt":"2026-01-27T17:50:43","slug":"pantalon-deportivo-con-punos-de-felpa-con-el","status":"publish","type":"product","link":"https:\/\/www.deporteseli.com\/?product=pantalon-deportivo-con-punos-de-felpa-con-el","title":{"rendered":"PANTAL\u00f3N DEPORTIVO CON PU\u00f1OS DE FELPA CON EL"},"content":{"rendered":"<p>Este pantal\u00f3n deportivo con pu\u00f1os, confeccionado en felpa de algod\u00f3n, lleva el logotipo Champion en vertical en la pernera. Una prenda imprescindible para dar un toque nuevo al cl\u00e1sico estilo Champion.  DETALLES DEL PRODUCTO  Logotipo Champion en contraste estampado por transferencia en la pernera  Cordones con rayas verticales  Logotipo de la \u00abC\u00bb estampado en el muslo  Dos bolsillos laterales  Cinturilla y pu\u00f1os de canal\u00e9  Felpa de algod\u00f3n el\u00e1stica ligera de 240 g\/m2  95% algod\u00f3n, 5% elastano  Regular Fit  Modelo: 175 cm \/ 5&#8242; 74  de estatura, talla S                                                                                                                                                                                                                                                                                                                                                                                                                                                                                                                                                                                                                                                                                                                                                                                                                                                                                                                                                                                                                                        <\/p>\n","protected":false},"excerpt":{"rendered":"<p>PANTAL\u00f3N DEPORTIVO CON PU\u00f1OS DE FELPA CON EL<\/p>\n","protected":false},"featured_media":52131,"template":"","meta":[],"product_brand":[],"product_cat":[278],"product_tag":[51],"class_list":{"0":"post-37697","1":"product","2":"type-product","3":"status-publish","4":"has-post-thumbnail","6":"product_cat-mujer_textil_pantalones","7":"product_tag-champion","8":"pa_color-unico","9":"pa_talla-xl","10":"thunk-woo-product-list","11":"opn-qv-enable","12":"open-woo-hover-","13":"open-single-product-tab-horizontal","14":"open-shadow-","15":"open-shadow-hover-","17":"first","18":"instock","19":"shipping-taxable","20":"purchasable","21":"product-type-variable"},"jetpack_sharing_enabled":true,"_links":{"self":[{"href":"https:\/\/www.deporteseli.com\/index.php?rest_route=\/wp\/v2\/product\/37697","targetHints":{"allow":["GET"]}}],"collection":[{"href":"https:\/\/www.deporteseli.com\/index.php?rest_route=\/wp\/v2\/product"}],"about":[{"href":"https:\/\/www.deporteseli.com\/index.php?rest_route=\/wp\/v2\/types\/product"}],"wp:featuredmedia":[{"embeddable":true,"href":"https:\/\/www.deporteseli.com\/index.php?rest_route=\/wp\/v2\/media\/52131"}],"wp:attachment":[{"href":"https:\/\/www.deporteseli.com\/index.php?rest_route=%2Fwp%2Fv2%2Fmedia&parent=37697"}],"wp:term":[{"taxonomy":"product_brand","embeddable":true,"href":"https:\/\/www.deporteseli.com\/index.php?rest_route=%2Fwp%2Fv2%2Fproduct_brand&post=37697"},{"taxonomy":"product_cat","embeddable":true,"href":"https:\/\/www.deporteseli.com\/index.php?rest_route=%2Fwp%2Fv2%2Fproduct_cat&post=37697"},{"taxonomy":"product_tag","embeddable":true,"href":"https:\/\/www.deporteseli.com\/index.php?rest_route=%2Fwp%2Fv2%2Fproduct_tag&post=37697"}],"curies":[{"name":"wp","href":"https:\/\/api.w.org\/{rel}","templated":true}]}}