{"id":37687,"date":"2026-01-27T17:50:29","date_gmt":"2026-01-27T17:50:29","guid":{"rendered":"https:\/\/www.deporteseli.com\/?product=camisa-champion-306169"},"modified":"2026-01-27T17:50:31","modified_gmt":"2026-01-27T17:50:31","slug":"camisa-champion-306169","status":"publish","type":"product","link":"https:\/\/www.deporteseli.com\/?product=camisa-champion-306169","title":{"rendered":"CAMISA CHAMPION 306169"},"content":{"rendered":"<p>Sudadera Champion en algod\u00f3n mixto.     Sudadera con capucha para ni\u00f1o en mezcla de algod\u00f3n e interior de felpa. El art\u00edculo 306169 BS501 presenta una impresi\u00f3n frontal con un logotipo en contraste y un bolsillo tipo canguro.                                                                                                                                                                                                                                                                                                                                                                                                                                                                                                                                                                                                                                                                                                                                                                                                                                                                                                                                                                                                                                        <\/p>\n","protected":false},"excerpt":{"rendered":"<p>CAMISA CHAMPION 306169<\/p>\n","protected":false},"featured_media":52125,"template":"","meta":[],"product_brand":[],"product_cat":[302],"product_tag":[51],"class_list":{"0":"post-37687","1":"product","2":"type-product","3":"status-publish","4":"has-post-thumbnail","6":"product_cat-nino_textil_sudaderas","7":"product_tag-champion","8":"pa_color-unico","9":"pa_talla-xs","10":"thunk-woo-product-list","11":"opn-qv-enable","12":"open-woo-hover-","13":"open-single-product-tab-horizontal","14":"open-shadow-","15":"open-shadow-hover-","17":"first","18":"instock","19":"shipping-taxable","20":"purchasable","21":"product-type-variable"},"jetpack_sharing_enabled":true,"_links":{"self":[{"href":"https:\/\/www.deporteseli.com\/index.php?rest_route=\/wp\/v2\/product\/37687","targetHints":{"allow":["GET"]}}],"collection":[{"href":"https:\/\/www.deporteseli.com\/index.php?rest_route=\/wp\/v2\/product"}],"about":[{"href":"https:\/\/www.deporteseli.com\/index.php?rest_route=\/wp\/v2\/types\/product"}],"wp:featuredmedia":[{"embeddable":true,"href":"https:\/\/www.deporteseli.com\/index.php?rest_route=\/wp\/v2\/media\/52125"}],"wp:attachment":[{"href":"https:\/\/www.deporteseli.com\/index.php?rest_route=%2Fwp%2Fv2%2Fmedia&parent=37687"}],"wp:term":[{"taxonomy":"product_brand","embeddable":true,"href":"https:\/\/www.deporteseli.com\/index.php?rest_route=%2Fwp%2Fv2%2Fproduct_brand&post=37687"},{"taxonomy":"product_cat","embeddable":true,"href":"https:\/\/www.deporteseli.com\/index.php?rest_route=%2Fwp%2Fv2%2Fproduct_cat&post=37687"},{"taxonomy":"product_tag","embeddable":true,"href":"https:\/\/www.deporteseli.com\/index.php?rest_route=%2Fwp%2Fv2%2Fproduct_tag&post=37687"}],"curies":[{"name":"wp","href":"https:\/\/api.w.org\/{rel}","templated":true}]}}